{"id":11911,"date":"2024-12-19T11:04:46","date_gmt":"2024-12-19T10:04:46","guid":{"rendered":"https:\/\/dev.marina.hr\/wp58\/?page_id=11911"},"modified":"2026-02-11T14:31:37","modified_gmt":"2026-02-11T13:31:37","slug":"izmjene-i-dopune-planova","status":"publish","type":"page","link":"https:\/\/dev.marina.hr\/wp58\/prostorno-planiranje\/izmjene-i-dopune-planova\/","title":{"rendered":"Izrada izmjena i dopuna prostornog plana Op\u0107ine Marina"},"content":{"rendered":"\t\t<div data-elementor-type=\"wp-page\" data-elementor-id=\"11911\" class=\"elementor elementor-11911\" data-elementor-post-type=\"page\">\n\t\t\t\t<div class=\"elementor-element elementor-element-668edb2 e-flex e-con-boxed e-con e-parent\" data-id=\"668edb2\" data-element_type=\"container\" data-e-type=\"container\" data-settings=\"{&quot;background_background&quot;:&quot;classic&quot;}\">\n\t\t\t\t\t<div class=\"e-con-inner\">\n\t\t\t\t<div class=\"elementor-element elementor-element-9f4326f elementor-widget__width-initial elementor-widget elementor-widget-heading\" data-id=\"9f4326f\" data-element_type=\"widget\" data-e-type=\"widget\" data-widget_type=\"heading.default\">\n\t\t\t\t<div class=\"elementor-widget-container\">\n\t\t\t\t\t<h2 class=\"elementor-heading-title elementor-size-default\">\nIzrada izmjena i dopuna prostornog plana Op\u0107ine Marina\n<\/h2>\t\t\t\t<\/div>\n\t\t\t\t<\/div>\n\t\t\t\t\t<\/div>\n\t\t\t\t<\/div>\n\t\t<div class=\"elementor-element elementor-element-c67e704 e-flex e-con-boxed e-con e-parent\" data-id=\"c67e704\" data-element_type=\"container\" data-e-type=\"container\">\n\t\t\t\t\t<div class=\"e-con-inner\">\n\t\t\t\t<div class=\"elementor-element elementor-element-5f9357c elementor-widget elementor-widget-html\" data-id=\"5f9357c\" data-element_type=\"widget\" data-e-type=\"widget\" data-widget_type=\"html.default\">\n\t\t\t\t<div class=\"elementor-widget-container\">\n\t\t\t\t\t<nav aria-label=\"breadcrumbs\" class=\"rank-math-breadcrumb\"><p><span class=\"label\">Vi ste ovdje \u2192<\/span> <span class=\"last\">Po\u010detna<\/span><\/p><\/nav>\t\t\t\t<\/div>\n\t\t\t\t<\/div>\n\t\t\t\t<div class=\"elementor-element elementor-element-be23af3 inner-page-text elementor-widget elementor-widget-text-editor\" data-id=\"be23af3\" data-element_type=\"widget\" data-e-type=\"widget\" data-widget_type=\"text-editor.default\">\n\t\t\t\t<div class=\"elementor-widget-container\">\n\t\t\t\t\t\t\t\t\t<p>Ministarstvo prostornoga ure\u0111enja, graditeljstva i dr\u017eavne imovine financiralo je projekt \u201eIzrada izmjena i dopuna Prostornog plana ure\u0111enja Op\u0107ine Marina\u201c \u2013 izrada prostornog plana nove generacije putem elektroni\u010dkog sustava \u201eePlanovi\u201c za Op\u0107inu Marina.<\/p><p><strong>&#8211; <a href=\"https:\/\/dev.marina.hr\/wp58\/wp-content\/uploads\/2025\/05\/VIDLJIVOST-ZA-PROJEKT-ID-PROSTORNOG-PLANA-OM-MINISTARSTVO-PROSTORNOGA-UREDENJA.docx\">VIDLJIVOST ZA PROJEKT ID PROSTORNOG PLANA OM MINISTARSTVO PROSTORNOGA URE\u0110ENJA<\/a><\/strong><\/p>\t\t\t\t\t\t\t\t<\/div>\n\t\t\t\t<\/div>\n\t\t\t\t\t<\/div>\n\t\t\t\t<\/div>\n\t\t\t\t<\/div>\n\t\t","protected":false},"excerpt":{"rendered":"<p>Izrada izmjena i dopuna prostornog plana Op\u0107ine Marina Ministarstvo prostornoga ure\u0111enja, graditeljstva i dr\u017eavne imovine financiralo je projekt \u201eIzrada izmjena i dopuna Prostornog plana ure\u0111enja Op\u0107ine Marina\u201c \u2013 izrada prostornog plana nove generacije putem elektroni\u010dkog sustava \u201eePlanovi\u201c za Op\u0107inu Marina. &#8211; VIDLJIVOST ZA PROJEKT ID PROSTORNOG PLANA OM MINISTARSTVO PROSTORNOGA URE\u0110ENJA<\/p>\n","protected":false},"author":5,"featured_media":0,"parent":9283,"menu_order":20,"comment_status":"closed","ping_status":"closed","template":"","meta":{"footnotes":""},"class_list":["post-11911","page","type-page","status-publish","hentry"],"_links":{"self":[{"href":"https:\/\/dev.marina.hr\/wp58\/wp-json\/wp\/v2\/pages\/11911","targetHints":{"allow":["GET"]}}],"collection":[{"href":"https:\/\/dev.marina.hr\/wp58\/wp-json\/wp\/v2\/pages"}],"about":[{"href":"https:\/\/dev.marina.hr\/wp58\/wp-json\/wp\/v2\/types\/page"}],"author":[{"embeddable":true,"href":"https:\/\/dev.marina.hr\/wp58\/wp-json\/wp\/v2\/users\/5"}],"replies":[{"embeddable":true,"href":"https:\/\/dev.marina.hr\/wp58\/wp-json\/wp\/v2\/comments?post=11911"}],"version-history":[{"count":18,"href":"https:\/\/dev.marina.hr\/wp58\/wp-json\/wp\/v2\/pages\/11911\/revisions"}],"predecessor-version":[{"id":15192,"href":"https:\/\/dev.marina.hr\/wp58\/wp-json\/wp\/v2\/pages\/11911\/revisions\/15192"}],"up":[{"embeddable":true,"href":"https:\/\/dev.marina.hr\/wp58\/wp-json\/wp\/v2\/pages\/9283"}],"wp:attachment":[{"href":"https:\/\/dev.marina.hr\/wp58\/wp-json\/wp\/v2\/media?parent=11911"}],"curies":[{"name":"wp","href":"https:\/\/api.w.org\/{rel}","templated":true}]}}