{"id":14870,"date":"2026-02-10T13:31:14","date_gmt":"2026-02-10T12:31:14","guid":{"rendered":"https:\/\/dev.marina.hr\/wp58\/?page_id=14870"},"modified":"2026-02-11T15:05:24","modified_gmt":"2026-02-11T14:05:24","slug":"sastav-opcinskog-vijeca","status":"publish","type":"page","link":"https:\/\/dev.marina.hr\/wp58\/sastav-opcinskog-vijeca\/","title":{"rendered":"Sastav op\u0107inskog vije\u0107a"},"content":{"rendered":"\t\t<div data-elementor-type=\"wp-page\" data-elementor-id=\"14870\" class=\"elementor elementor-14870\" data-elementor-post-type=\"page\">\n\t\t\t\t<div class=\"elementor-element elementor-element-c24bd88 e-flex e-con-boxed e-con e-parent\" data-id=\"c24bd88\" data-element_type=\"container\" data-e-type=\"container\" data-settings=\"{&quot;background_background&quot;:&quot;classic&quot;}\">\n\t\t\t\t\t<div class=\"e-con-inner\">\n\t\t\t\t<div class=\"elementor-element elementor-element-d64d2de elementor-widget__width-initial elementor-widget elementor-widget-heading\" data-id=\"d64d2de\" data-element_type=\"widget\" data-e-type=\"widget\" data-widget_type=\"heading.default\">\n\t\t\t\t<div class=\"elementor-widget-container\">\n\t\t\t\t\t<h2 class=\"elementor-heading-title elementor-size-default\">Sastav op\u0107inskog vije\u0107a<\/h2>\t\t\t\t<\/div>\n\t\t\t\t<\/div>\n\t\t\t\t\t<\/div>\n\t\t\t\t<\/div>\n\t\t<div class=\"elementor-element elementor-element-7220efe e-flex e-con-boxed e-con e-parent\" data-id=\"7220efe\" data-element_type=\"container\" data-e-type=\"container\">\n\t\t\t\t\t<div class=\"e-con-inner\">\n\t\t\t\t<div class=\"elementor-element elementor-element-2160cb8 elementor-widget elementor-widget-html\" data-id=\"2160cb8\" data-element_type=\"widget\" data-e-type=\"widget\" data-widget_type=\"html.default\">\n\t\t\t\t<div class=\"elementor-widget-container\">\n\t\t\t\t\t<nav aria-label=\"breadcrumbs\" class=\"rank-math-breadcrumb\"><p><span class=\"label\">Vi ste ovdje \u2192<\/span> <span class=\"last\">Po\u010detna<\/span><\/p><\/nav>\t\t\t\t<\/div>\n\t\t\t\t<\/div>\n\t\t\t\t<div class=\"elementor-element elementor-element-dd4e3bc elementor-widget elementor-widget-heading\" data-id=\"dd4e3bc\" data-element_type=\"widget\" data-e-type=\"widget\" data-widget_type=\"heading.default\">\n\t\t\t\t<div class=\"elementor-widget-container\">\n\t\t\t\t\t<h2 class=\"elementor-heading-title elementor-size-default\">Op\u0107insko vije\u0107e Op\u0107ine Marina<\/h2>\t\t\t\t<\/div>\n\t\t\t\t<\/div>\n\t\t\t\t<div class=\"elementor-element elementor-element-ba13186 elementor-widget elementor-widget-text-editor\" data-id=\"ba13186\" data-element_type=\"widget\" data-e-type=\"widget\" data-widget_type=\"text-editor.default\">\n\t\t\t\t<div class=\"elementor-widget-container\">\n\t\t\t\t\t\t\t\t\t<p>RAD OP\u0106INSKOG VIJE\u0106A<br \/>Rad Op\u0107inskog vije\u0107a je javan.<br \/>O radu Op\u0107inskog\u00a0 vije\u0107a javnost se obavje\u0161tava objavom na web stranicama Op\u0107ine Marina.<br \/>U sada\u0161njem sazivu Op\u0107insko Vije\u0107e Op\u0107ine Marina ima 13 vije\u0107nika.<br \/>Dnevni red za sjednicu, donesene odluke i akti Op\u0107inskog vije\u0107a objavljuju se na slu\u017ebenim web stranicama Op\u0107ine Marina.<br \/>Predstavnici udruga gra\u0111ana, gra\u0111ani i predstavnici medija mogu pratiti rad Op\u0107inskog vije\u0107a.<br \/>Za pra\u0107enje rada na sjednicama Op\u0107inskog vije\u0107a potrebno je dostaviti zahtjev na \u201eProtokol\u201c Op\u0107ine Marina<br \/>(pismeno na adresu Op\u0107ina Marina, Ante Rudana 47, 21222 Marina, e-mail-om: \u00a0tajnica@marina.hr\u00a0ili telefonom 021\/889-088, najkasnije dan prije odr\u017eavanja planirane Sjednice Op\u0107inskog vije\u0107a).<br \/>Tijekom pra\u0107enja rada na sjednici ne smiju remetiti red i tijek Sjednice (primjerice \u2013glasno razgovarati, upotrebljavati mobitel i sl.).<br \/>Ukoliko je broj osoba koje prate rad Op\u0107inskog vije\u0107a ve\u0107i od broja raspolo\u017eivih mjesta, predsjednik Op\u0107inskog vije\u0107a odre\u0111uje broj osoba koje mogu pratiti rad Op\u0107inskog vije\u0107a.<\/p>\t\t\t\t\t\t\t\t<\/div>\n\t\t\t\t<\/div>\n\t\t\t\t<div class=\"elementor-element elementor-element-810a046 elementor-widget elementor-widget-heading\" data-id=\"810a046\" data-element_type=\"widget\" data-e-type=\"widget\" data-widget_type=\"heading.default\">\n\t\t\t\t<div class=\"elementor-widget-container\">\n\t\t\t\t\t<h2 class=\"elementor-heading-title elementor-size-default\">SASTAV VIJE\u0106A OD 24. LIPNJA 2025. GODINE<\/h2>\t\t\t\t<\/div>\n\t\t\t\t<\/div>\n\t\t\t\t<div class=\"elementor-element elementor-element-96aee7b elementor-widget elementor-widget-text-editor\" data-id=\"96aee7b\" data-element_type=\"widget\" data-e-type=\"widget\" data-widget_type=\"text-editor.default\">\n\t\t\t\t<div class=\"elementor-widget-container\">\n\t\t\t\t\t\t\t\t\t<ol><li>Mirjam Radi\u0107, predsjednica Op\u0107inskog vije\u0107a (LISTA GRUPE BIRA\u010cA-Mirjam Radi\u0107)<\/li><li>Jakov Matija\u0161, 1. potpredsjednik Op\u0107inskog vije\u0107a (HDZ)<\/li><li>Davor Radi\u0107, 2. potpredsjednik Op\u0107inskog vije\u0107a (LISTA GRUPE BIRA\u010cA- ANTE MAMUT)<\/li><li>Anita Radi\u0107 (LISTA GRUPE BIRA\u010cA- ANTE MAMUT)<\/li><li>Damir Radi\u0107 (LISTA GRUPE BIRA\u010cA- ANTE MAMUT)<\/li><li>Ivica Jerkovi\u0107 (LISTA GRUPE BIRA\u010cA- ANTE MAMUT)<\/li><li>Mija Maji\u0107 (LISTA GRUPE BIRA\u010cA- ANTE MAMUT)<\/li><li>Davor Vrbat (LISTA GRUPE BIRA\u010cA- ANTE MAMUT)<\/li><li>Mihael Radi\u0107 (HDZ)<\/li><li>Mario Matija\u0161 (LISTA GRUPE BIRA\u010cA- MIRJAM RADI\u0106)<\/li><li>Dino Radi\u0107 (LISTA GRUPE BIRA\u010cA- MIRJAM RADI\u0106)<\/li><li>Ivanka Tarabene Stojan (LISTA GRUPE BIRA\u010cA- MIRJAM RADI\u0106)<\/li><li>Bo\u017eidar Vidovi\u0107 (LISTA GRUPE BIRA\u010cA- MIRJAM RADI\u0106)<\/li><\/ol>\t\t\t\t\t\t\t\t<\/div>\n\t\t\t\t<\/div>\n\t\t\t\t<div class=\"elementor-element elementor-element-c5b7d5a elementor-widget__width-auto arrow-button elementor-hidden-desktop elementor-hidden-laptop elementor-hidden-tablet_extra elementor-hidden-tablet elementor-hidden-mobile elementor-widget elementor-widget-button\" data-id=\"c5b7d5a\" data-element_type=\"widget\" data-e-type=\"widget\" data-widget_type=\"button.default\">\n\t\t\t\t<div class=\"elementor-widget-container\">\n\t\t\t\t\t\t\t\t\t<div class=\"elementor-button-wrapper\">\n\t\t\t\t\t<a class=\"elementor-button elementor-button-link elementor-size-sm\" href=\"https:\/\/dev.marina.hr\/wp58\/wp-content\/uploads\/2023\/03\/POSLOVNIK-SL.-GL.-05-21.pdf\">\n\t\t\t\t\t\t<span class=\"elementor-button-content-wrapper\">\n\t\t\t\t\t\t<span class=\"elementor-button-icon\">\n\t\t\t\t<svg xmlns=\"http:\/\/www.w3.org\/2000\/svg\" width=\"57\" height=\"55\" viewBox=\"0 0 57 55\" fill=\"\"><path d=\"M56.0607 28.5606C56.6464 27.9748 56.6464 27.0251 56.0607 26.4393L46.5147 16.8934C45.9289 16.3076 44.9792 16.3076 44.3934 16.8934C43.8076 17.4791 43.8076 18.4289 44.3934 19.0147L52.8787 27.5L44.3934 35.9852C43.8076 36.571 43.8076 37.5208 44.3934 38.1066C44.9792 38.6923 45.9289 38.6923 46.5147 38.1066L56.0607 28.5606ZM0 27.5V29H55V27.5V26H0V27.5Z\" fill=\"\"><\/path><\/svg>\t\t\t<\/span>\n\t\t\t\t\t\t\t\t\t<span class=\"elementor-button-text\">POSLOVNIK<\/span>\n\t\t\t\t\t<\/span>\n\t\t\t\t\t<\/a>\n\t\t\t\t<\/div>\n\t\t\t\t\t\t\t\t<\/div>\n\t\t\t\t<\/div>\n\t\t\t\t\t<\/div>\n\t\t\t\t<\/div>\n\t\t\t\t<\/div>\n\t\t","protected":false},"excerpt":{"rendered":"<p>Sastav op\u0107inskog vije\u0107a Op\u0107insko vije\u0107e Op\u0107ine Marina RAD OP\u0106INSKOG VIJE\u0106ARad Op\u0107inskog vije\u0107a je javan.O radu Op\u0107inskog\u00a0 vije\u0107a javnost se obavje\u0161tava objavom na web stranicama Op\u0107ine Marina.U sada\u0161njem sazivu Op\u0107insko Vije\u0107e Op\u0107ine Marina ima 13 vije\u0107nika.Dnevni red za sjednicu, donesene odluke i akti Op\u0107inskog vije\u0107a objavljuju se na slu\u017ebenim web stranicama Op\u0107ine Marina.Predstavnici udruga gra\u0111ana, gra\u0111ani [&hellip;]<\/p>\n","protected":false},"author":6,"featured_media":0,"parent":0,"menu_order":0,"comment_status":"closed","ping_status":"closed","template":"","meta":{"footnotes":""},"class_list":["post-14870","page","type-page","status-publish","hentry"],"_links":{"self":[{"href":"https:\/\/dev.marina.hr\/wp58\/wp-json\/wp\/v2\/pages\/14870","targetHints":{"allow":["GET"]}}],"collection":[{"href":"https:\/\/dev.marina.hr\/wp58\/wp-json\/wp\/v2\/pages"}],"about":[{"href":"https:\/\/dev.marina.hr\/wp58\/wp-json\/wp\/v2\/types\/page"}],"author":[{"embeddable":true,"href":"https:\/\/dev.marina.hr\/wp58\/wp-json\/wp\/v2\/users\/6"}],"replies":[{"embeddable":true,"href":"https:\/\/dev.marina.hr\/wp58\/wp-json\/wp\/v2\/comments?post=14870"}],"version-history":[{"count":13,"href":"https:\/\/dev.marina.hr\/wp58\/wp-json\/wp\/v2\/pages\/14870\/revisions"}],"predecessor-version":[{"id":15279,"href":"https:\/\/dev.marina.hr\/wp58\/wp-json\/wp\/v2\/pages\/14870\/revisions\/15279"}],"wp:attachment":[{"href":"https:\/\/dev.marina.hr\/wp58\/wp-json\/wp\/v2\/media?parent=14870"}],"curies":[{"name":"wp","href":"https:\/\/api.w.org\/{rel}","templated":true}]}}