{"id":14944,"date":"2026-02-11T11:02:18","date_gmt":"2026-02-11T10:02:18","guid":{"rendered":"https:\/\/dev.marina.hr\/wp58\/?page_id=14944"},"modified":"2026-02-12T07:53:00","modified_gmt":"2026-02-12T06:53:00","slug":"izvjesca","status":"publish","type":"page","link":"https:\/\/dev.marina.hr\/wp58\/izvjesca\/","title":{"rendered":"Izvje\u0161\u0107a"},"content":{"rendered":"\t\t<div data-elementor-type=\"wp-page\" data-elementor-id=\"14944\" class=\"elementor elementor-14944\" data-elementor-post-type=\"page\">\n\t\t\t\t<div class=\"elementor-element elementor-element-029508a e-flex e-con-boxed e-con e-parent\" data-id=\"029508a\" data-element_type=\"container\" data-e-type=\"container\" data-settings=\"{&quot;background_background&quot;:&quot;classic&quot;}\">\n\t\t\t\t\t<div class=\"e-con-inner\">\n\t\t\t\t<div class=\"elementor-element elementor-element-cbe26af elementor-widget__width-initial elementor-widget elementor-widget-heading\" data-id=\"cbe26af\" data-element_type=\"widget\" data-e-type=\"widget\" data-widget_type=\"heading.default\">\n\t\t\t\t<div class=\"elementor-widget-container\">\n\t\t\t\t\t<h2 class=\"elementor-heading-title elementor-size-default\">Izvje\u0161\u0107a<\/h2>\t\t\t\t<\/div>\n\t\t\t\t<\/div>\n\t\t\t\t\t<\/div>\n\t\t\t\t<\/div>\n\t\t<div class=\"elementor-element elementor-element-bdc3337 e-con-full e-flex e-con e-parent\" data-id=\"bdc3337\" data-element_type=\"container\" data-e-type=\"container\">\n\t\t<div class=\"elementor-element elementor-element-c1ac74b e-flex e-con-boxed e-con e-child\" data-id=\"c1ac74b\" data-element_type=\"container\" data-e-type=\"container\">\n\t\t\t\t\t<div class=\"e-con-inner\">\n\t\t<div class=\"elementor-element elementor-element-5870182 e-con-full e-flex e-con e-child\" data-id=\"5870182\" data-element_type=\"container\" data-e-type=\"container\">\n\t\t\t\t<div class=\"elementor-element elementor-element-4ef1081 elementor-grid-1 elementor-grid-tablet-1 elementor-grid-mobile-1 elementor-widget elementor-widget-loop-grid\" data-id=\"4ef1081\" data-element_type=\"widget\" data-e-type=\"widget\" data-settings=\"{&quot;template_id&quot;:&quot;13726&quot;,&quot;columns&quot;:1,&quot;columns_tablet&quot;:1,&quot;row_gap&quot;:{&quot;unit&quot;:&quot;px&quot;,&quot;size&quot;:0,&quot;sizes&quot;:[]},&quot;pagination_type&quot;:&quot;load_more_on_click&quot;,&quot;_skin&quot;:&quot;post&quot;,&quot;columns_mobile&quot;:&quot;1&quot;,&quot;edit_handle_selector&quot;:&quot;[data-elementor-type=\\&quot;loop-item\\&quot;]&quot;,&quot;load_more_spinner&quot;:{&quot;value&quot;:&quot;fas fa-spinner&quot;,&quot;library&quot;:&quot;fa-solid&quot;},&quot;row_gap_laptop&quot;:{&quot;unit&quot;:&quot;px&quot;,&quot;size&quot;:&quot;&quot;,&quot;sizes&quot;:[]},&quot;row_gap_tablet_extra&quot;:{&quot;unit&quot;:&quot;px&quot;,&quot;size&quot;:&quot;&quot;,&quot;sizes&quot;:[]},&quot;row_gap_tablet&quot;:{&quot;unit&quot;:&quot;px&quot;,&quot;size&quot;:&quot;&quot;,&quot;sizes&quot;:[]},&quot;row_gap_mobile&quot;:{&quot;unit&quot;:&quot;px&quot;,&quot;size&quot;:&quot;&quot;,&quot;sizes&quot;:[]}}\" data-widget_type=\"loop-grid.post\">\n\t\t\t\t<div class=\"elementor-widget-container\">\n\t\t\t\t\t\t\t<div class=\"elementor-loop-container elementor-grid\" role=\"list\">\n\t\t<style id=\"loop-13726\">.elementor-13726 .elementor-element.elementor-element-4ae61f9{--display:flex;--flex-direction:column;--container-widget-width:100%;--container-widget-height:initial;--container-widget-flex-grow:0;--container-widget-align-self:initial;--flex-wrap-mobile:wrap;--gap:0px 0px;--row-gap:0px;--column-gap:0px;--background-transition:0.5s;border-style:solid;--border-style:solid;border-width:0px 0px 1px 0px;--border-top-width:0px;--border-right-width:0px;--border-bottom-width:1px;--border-left-width:0px;border-color:#1A1A18;--border-color:#1A1A18;--padding-top:40px;--padding-bottom:25px;--padding-left:60px;--padding-right:60px;}.elementor-13726 .elementor-element.elementor-element-4ae61f9:not(.elementor-motion-effects-element-type-background), .elementor-13726 .elementor-element.elementor-element-4ae61f9 > .elementor-motion-effects-container > .elementor-motion-effects-layer{background-color:#F9D9090D;}.elementor-13726 .elementor-element.elementor-element-4ae61f9:hover{background-color:#F9D9094D;}.elementor-widget-theme-post-title .elementor-heading-title{font-family:var( --e-global-typography-primary-font-family ), Sans-serif;font-weight:var( --e-global-typography-primary-font-weight );color:var( --e-global-color-primary );}.elementor-13726 .elementor-element.elementor-element-01bd6ab .elementor-heading-title{font-family:\"Montserrat\", Sans-serif;font-size:22px;font-weight:700;line-height:27px;color:#000000;}.elementor-13726 .elementor-element.elementor-element-01bd6ab > .elementor-widget-container{padding:0px 0px 0px 0px;}.elementor-widget-post-info .elementor-icon-list-item:not(:last-child):after{border-color:var( --e-global-color-text );}.elementor-widget-post-info .elementor-icon-list-icon i{color:var( --e-global-color-primary );}.elementor-widget-post-info .elementor-icon-list-icon svg{fill:var( --e-global-color-primary );}.elementor-widget-post-info .elementor-icon-list-text, .elementor-widget-post-info .elementor-icon-list-text a{color:var( --e-global-color-secondary );}.elementor-widget-post-info .elementor-icon-list-item{font-family:var( --e-global-typography-text-font-family ), Sans-serif;font-weight:var( --e-global-typography-text-font-weight );}.elementor-13726 .elementor-element.elementor-element-ef77432 .elementor-icon-list-item:not(:last-child):after{content:\"\";height:60%;border-color:#606060;}.elementor-13726 .elementor-element.elementor-element-ef77432 .elementor-icon-list-items:not(.elementor-inline-items) .elementor-icon-list-item:not(:last-child):after{border-top-style:solid;border-top-width:1px;}.elementor-13726 .elementor-element.elementor-element-ef77432 .elementor-icon-list-items.elementor-inline-items .elementor-icon-list-item:not(:last-child):after{border-left-style:solid;}.elementor-13726 .elementor-element.elementor-element-ef77432 .elementor-inline-items .elementor-icon-list-item:not(:last-child):after{border-left-width:1px;}.elementor-13726 .elementor-element.elementor-element-ef77432 .elementor-icon-list-icon{width:14px;}.elementor-13726 .elementor-element.elementor-element-ef77432 .elementor-icon-list-icon i{font-size:14px;}.elementor-13726 .elementor-element.elementor-element-ef77432 .elementor-icon-list-icon svg{--e-icon-list-icon-size:14px;}.elementor-13726 .elementor-element.elementor-element-ef77432 .elementor-icon-list-text, .elementor-13726 .elementor-element.elementor-element-ef77432 .elementor-icon-list-text a{color:#606060;}.elementor-13726 .elementor-element.elementor-element-ef77432 .elementor-icon-list-item{font-family:\"Montserrat\", Sans-serif;font-size:16px;font-weight:400;line-height:30px;}.elementor-13726 .elementor-element.elementor-element-ef77432 > .elementor-widget-container{padding:10px 0px 0px 0px;}@media(max-width:1024px){.elementor-13726 .elementor-element.elementor-element-4ae61f9{--min-height:0;--padding-top:40px;--padding-bottom:25px;--padding-left:15px;--padding-right:15px;}.elementor-13726 .elementor-element.elementor-element-01bd6ab .elementor-heading-title{font-size:22px;line-height:25px;}}@media(max-width:767px){.elementor-13726 .elementor-element.elementor-element-4ae61f9{--padding-top:40px;--padding-bottom:25px;--padding-left:15px;--padding-right:15px;}.elementor-13726 .elementor-element.elementor-element-01bd6ab .elementor-heading-title{font-size:22px;line-height:25px;}.elementor-13726 .elementor-element.elementor-element-01bd6ab > .elementor-widget-container{padding:0px 0px 0px 0px;}.elementor-13726 .elementor-element.elementor-element-ef77432 .elementor-icon-list-item{font-size:16px;line-height:18px;}.elementor-13726 .elementor-element.elementor-element-ef77432 > .elementor-widget-container{padding:10px 0px 0px 0px;}}<\/style>\t\t<div data-elementor-type=\"loop-item\" data-elementor-id=\"13726\" class=\"elementor elementor-13726 e-loop-item e-loop-item-15608 post-15608 post type-post status-publish format-standard hentry category-izvjesca\" data-elementor-post-type=\"elementor_library\" data-custom-edit-handle=\"1\">\n\t\t\t<a class=\"elementor-element elementor-element-4ae61f9 poslovanje-container e-flex e-con-boxed e-con e-parent\" data-id=\"4ae61f9\" data-element_type=\"container\" data-e-type=\"container\" data-settings=\"{&quot;background_background&quot;:&quot;classic&quot;}\" href=\"https:\/\/dev.marina.hr\/wp58\/financijsko-izvjesce-opcine-marina-za-2025-godinu\/\">\n\t\t\t\t\t<div class=\"e-con-inner\">\n\t\t\t\t<div class=\"elementor-element elementor-element-01bd6ab poslovanje-naslov elementor-widget elementor-widget-theme-post-title elementor-page-title elementor-widget-heading\" data-id=\"01bd6ab\" data-element_type=\"widget\" data-e-type=\"widget\" data-widget_type=\"theme-post-title.default\">\n\t\t\t\t<div class=\"elementor-widget-container\">\n\t\t\t\t\t<h2 class=\"elementor-heading-title elementor-size-default\">Financijsko izvje\u0161\u0107e Op\u0107ine Marina za 2025. godinu<\/h2>\t\t\t\t<\/div>\n\t\t\t\t<\/div>\n\t\t\t\t<div class=\"elementor-element elementor-element-ef77432 elementor-widget elementor-widget-post-info\" data-id=\"ef77432\" data-element_type=\"widget\" data-e-type=\"widget\" data-widget_type=\"post-info.default\">\n\t\t\t\t<div class=\"elementor-widget-container\">\n\t\t\t\t\t\t\t<ul class=\"elementor-inline-items elementor-icon-list-items elementor-post-info\">\n\t\t\t\t\t\t\t\t<li class=\"elementor-icon-list-item elementor-repeater-item-fe793aa elementor-inline-item\" itemprop=\"datePublished\">\n\t\t\t\t\t\t\t\t\t\t\t\t\t<span class=\"elementor-icon-list-text elementor-post-info__item elementor-post-info__item--type-date\">\n\t\t\t\t\t\t\t\t\t\t<time>Pet, 20.02.2026<\/time>\t\t\t\t\t<\/span>\n\t\t\t\t\t\t\t\t<\/li>\n\t\t\t\t<li class=\"elementor-icon-list-item elementor-repeater-item-80e56ef elementor-inline-item\">\n\t\t\t\t\t\t\t\t\t\t\t\t\t<span class=\"elementor-icon-list-text elementor-post-info__item elementor-post-info__item--type-time\">\n\t\t\t\t\t\t\t\t\t\t<time>14:50<\/time>\t\t\t\t\t<\/span>\n\t\t\t\t\t\t\t\t<\/li>\n\t\t\t\t<\/ul>\n\t\t\t\t\t\t<\/div>\n\t\t\t\t<\/div>\n\t\t\t\t\t<\/div>\n\t\t\t\t<\/a>\n\t\t\t\t<\/div>\n\t\t\t\t<div data-elementor-type=\"loop-item\" data-elementor-id=\"13726\" class=\"elementor elementor-13726 e-loop-item e-loop-item-12154 post-12154 post type-post status-publish format-standard hentry category-izvjesca\" data-elementor-post-type=\"elementor_library\" data-custom-edit-handle=\"1\">\n\t\t\t<a class=\"elementor-element elementor-element-4ae61f9 poslovanje-container e-flex e-con-boxed e-con e-parent\" data-id=\"4ae61f9\" data-element_type=\"container\" data-e-type=\"container\" data-settings=\"{&quot;background_background&quot;:&quot;classic&quot;}\" href=\"https:\/\/dev.marina.hr\/wp58\/financijsko-izvjesce-opcine-marina-za-2024-godinu\/\">\n\t\t\t\t\t<div class=\"e-con-inner\">\n\t\t\t\t<div class=\"elementor-element elementor-element-01bd6ab poslovanje-naslov elementor-widget elementor-widget-theme-post-title elementor-page-title elementor-widget-heading\" data-id=\"01bd6ab\" data-element_type=\"widget\" data-e-type=\"widget\" data-widget_type=\"theme-post-title.default\">\n\t\t\t\t<div class=\"elementor-widget-container\">\n\t\t\t\t\t<h2 class=\"elementor-heading-title elementor-size-default\">FINANCIJSKO IZVJE\u0160\u0106E OP\u0106INE MARINA ZA 2024. GODINU<\/h2>\t\t\t\t<\/div>\n\t\t\t\t<\/div>\n\t\t\t\t<div class=\"elementor-element elementor-element-ef77432 elementor-widget elementor-widget-post-info\" data-id=\"ef77432\" data-element_type=\"widget\" data-e-type=\"widget\" data-widget_type=\"post-info.default\">\n\t\t\t\t<div class=\"elementor-widget-container\">\n\t\t\t\t\t\t\t<ul class=\"elementor-inline-items elementor-icon-list-items elementor-post-info\">\n\t\t\t\t\t\t\t\t<li class=\"elementor-icon-list-item elementor-repeater-item-fe793aa elementor-inline-item\" itemprop=\"datePublished\">\n\t\t\t\t\t\t\t\t\t\t\t\t\t<span class=\"elementor-icon-list-text elementor-post-info__item elementor-post-info__item--type-date\">\n\t\t\t\t\t\t\t\t\t\t<time>Sri, 19.02.2025<\/time>\t\t\t\t\t<\/span>\n\t\t\t\t\t\t\t\t<\/li>\n\t\t\t\t<li class=\"elementor-icon-list-item elementor-repeater-item-80e56ef elementor-inline-item\">\n\t\t\t\t\t\t\t\t\t\t\t\t\t<span class=\"elementor-icon-list-text elementor-post-info__item elementor-post-info__item--type-time\">\n\t\t\t\t\t\t\t\t\t\t<time>10:19<\/time>\t\t\t\t\t<\/span>\n\t\t\t\t\t\t\t\t<\/li>\n\t\t\t\t<\/ul>\n\t\t\t\t\t\t<\/div>\n\t\t\t\t<\/div>\n\t\t\t\t\t<\/div>\n\t\t\t\t<\/a>\n\t\t\t\t<\/div>\n\t\t\t\t<div data-elementor-type=\"loop-item\" data-elementor-id=\"13726\" class=\"elementor elementor-13726 e-loop-item e-loop-item-11404 post-11404 post type-post status-publish format-standard hentry category-izvjesca category-novosti\" data-elementor-post-type=\"elementor_library\" data-custom-edit-handle=\"1\">\n\t\t\t<a class=\"elementor-element elementor-element-4ae61f9 poslovanje-container e-flex e-con-boxed e-con e-parent\" data-id=\"4ae61f9\" data-element_type=\"container\" data-e-type=\"container\" data-settings=\"{&quot;background_background&quot;:&quot;classic&quot;}\" href=\"https:\/\/dev.marina.hr\/wp58\/izvjesce-o-provedenom-savjetovanju-o-prijedlogu-izmjena-i-dopuna-plana-upravljanja-pomorskim-dobrom-na-podrucju-opcine-marina-za-2024-2028-godine\/\">\n\t\t\t\t\t<div class=\"e-con-inner\">\n\t\t\t\t<div class=\"elementor-element elementor-element-01bd6ab poslovanje-naslov elementor-widget elementor-widget-theme-post-title elementor-page-title elementor-widget-heading\" data-id=\"01bd6ab\" data-element_type=\"widget\" data-e-type=\"widget\" data-widget_type=\"theme-post-title.default\">\n\t\t\t\t<div class=\"elementor-widget-container\">\n\t\t\t\t\t<h2 class=\"elementor-heading-title elementor-size-default\">Izvje\u0161\u0107e o provedenom savjetovanju o prijedlogu Izmjena i dopuna Plana upravljanja pomorskim dobrom na podru\u010dju op\u0107ine Marina za 2024.-2028. godine<\/h2>\t\t\t\t<\/div>\n\t\t\t\t<\/div>\n\t\t\t\t<div class=\"elementor-element elementor-element-ef77432 elementor-widget elementor-widget-post-info\" data-id=\"ef77432\" data-element_type=\"widget\" data-e-type=\"widget\" data-widget_type=\"post-info.default\">\n\t\t\t\t<div class=\"elementor-widget-container\">\n\t\t\t\t\t\t\t<ul class=\"elementor-inline-items elementor-icon-list-items elementor-post-info\">\n\t\t\t\t\t\t\t\t<li class=\"elementor-icon-list-item elementor-repeater-item-fe793aa elementor-inline-item\" itemprop=\"datePublished\">\n\t\t\t\t\t\t\t\t\t\t\t\t\t<span class=\"elementor-icon-list-text elementor-post-info__item elementor-post-info__item--type-date\">\n\t\t\t\t\t\t\t\t\t\t<time>Sri, 15.05.2024<\/time>\t\t\t\t\t<\/span>\n\t\t\t\t\t\t\t\t<\/li>\n\t\t\t\t<li class=\"elementor-icon-list-item elementor-repeater-item-80e56ef elementor-inline-item\">\n\t\t\t\t\t\t\t\t\t\t\t\t\t<span class=\"elementor-icon-list-text elementor-post-info__item elementor-post-info__item--type-time\">\n\t\t\t\t\t\t\t\t\t\t<time>09:40<\/time>\t\t\t\t\t<\/span>\n\t\t\t\t\t\t\t\t<\/li>\n\t\t\t\t<\/ul>\n\t\t\t\t\t\t<\/div>\n\t\t\t\t<\/div>\n\t\t\t\t\t<\/div>\n\t\t\t\t<\/a>\n\t\t\t\t<\/div>\n\t\t\t\t<\/div>\n\t\t\t\t\t<span class=\"e-load-more-spinner\">\n\t\t\t\t<i aria-hidden=\"true\" class=\"fas fa-spinner\"><\/i>\t\t\t<\/span>\n\t\t\n\t\t\t\t<div class=\"e-load-more-anchor\" data-page=\"1\" data-max-page=\"22\" data-next-page=\"https:\/\/dev.marina.hr\/wp58\/wp-json\/wp\/v2\/pages\/14944\/page\/2\/\"><\/div>\n\t\t\t\t<div class=\"e-loop__load-more elementor-button-wrapper\">\n\t\t\t<a class=\"elementor-button elementor-size-sm\" role=\"button\" id=\"load-more-button\">\n\t\t\t\t\t\t<span class=\"elementor-button-content-wrapper\">\n\t\t\t\t\t\t\t\t\t<span class=\"elementor-button-text\">U\u010ditaj jo\u0161<\/span>\n\t\t\t\t\t<\/span>\n\t\t\t\t\t<\/a>\n\t\t<\/div>\n\t\t\t\t<div class=\"e-load-more-message\"><\/div>\n\t\t\t\t\t\t<\/div>\n\t\t\t\t<\/div>\n\t\t\t\t<\/div>\n\t\t\t\t\t<\/div>\n\t\t\t\t<\/div>\n\t\t\t\t<\/div>\n\t\t\t\t<\/div>\n\t\t","protected":false},"excerpt":{"rendered":"<p>Izvje\u0161\u0107a<\/p>\n","protected":false},"author":6,"featured_media":0,"parent":0,"menu_order":0,"comment_status":"closed","ping_status":"closed","template":"","meta":{"footnotes":""},"class_list":["post-14944","page","type-page","status-publish","hentry"],"_links":{"self":[{"href":"https:\/\/dev.marina.hr\/wp58\/wp-json\/wp\/v2\/pages\/14944","targetHints":{"allow":["GET"]}}],"collection":[{"href":"https:\/\/dev.marina.hr\/wp58\/wp-json\/wp\/v2\/pages"}],"about":[{"href":"https:\/\/dev.marina.hr\/wp58\/wp-json\/wp\/v2\/types\/page"}],"author":[{"embeddable":true,"href":"https:\/\/dev.marina.hr\/wp58\/wp-json\/wp\/v2\/users\/6"}],"replies":[{"embeddable":true,"href":"https:\/\/dev.marina.hr\/wp58\/wp-json\/wp\/v2\/comments?post=14944"}],"version-history":[{"count":13,"href":"https:\/\/dev.marina.hr\/wp58\/wp-json\/wp\/v2\/pages\/14944\/revisions"}],"predecessor-version":[{"id":15424,"href":"https:\/\/dev.marina.hr\/wp58\/wp-json\/wp\/v2\/pages\/14944\/revisions\/15424"}],"wp:attachment":[{"href":"https:\/\/dev.marina.hr\/wp58\/wp-json\/wp\/v2\/media?parent=14944"}],"curies":[{"name":"wp","href":"https:\/\/api.w.org\/{rel}","templated":true}]}}