{"id":4522,"date":"2016-02-17T12:24:34","date_gmt":"2016-02-17T11:24:34","guid":{"rendered":"https:\/\/dev.marina.hr\/wp58\/?page_id=4522"},"modified":"2026-02-11T20:45:36","modified_gmt":"2026-02-11T19:45:36","slug":"pravo-na-pristup-informacijama","status":"publish","type":"page","link":"https:\/\/dev.marina.hr\/wp58\/pravo-na-pristup-informacijama\/","title":{"rendered":"Pravo na pristup informacijama"},"content":{"rendered":"\t\t<div data-elementor-type=\"wp-page\" data-elementor-id=\"4522\" class=\"elementor elementor-4522\" data-elementor-post-type=\"page\">\n\t\t\t\t<div class=\"elementor-element elementor-element-0b5ba4f e-flex e-con-boxed e-con e-parent\" data-id=\"0b5ba4f\" data-element_type=\"container\" data-e-type=\"container\" data-settings=\"{&quot;background_background&quot;:&quot;classic&quot;}\">\n\t\t\t\t\t<div class=\"e-con-inner\">\n\t\t\t\t<div class=\"elementor-element elementor-element-9b299f7 elementor-widget__width-initial elementor-widget elementor-widget-heading\" data-id=\"9b299f7\" data-element_type=\"widget\" data-e-type=\"widget\" data-widget_type=\"heading.default\">\n\t\t\t\t<div class=\"elementor-widget-container\">\n\t\t\t\t\t<h2 class=\"elementor-heading-title elementor-size-default\">Pravo na pristup informacijama<\/h2>\t\t\t\t<\/div>\n\t\t\t\t<\/div>\n\t\t\t\t\t<\/div>\n\t\t\t\t<\/div>\n\t\t<div class=\"elementor-element elementor-element-18206c4 e-flex e-con-boxed e-con e-parent\" data-id=\"18206c4\" data-element_type=\"container\" data-e-type=\"container\">\n\t\t\t\t\t<div class=\"e-con-inner\">\n\t\t\t\t<div class=\"elementor-element elementor-element-4d6e5b1 elementor-widget elementor-widget-html\" data-id=\"4d6e5b1\" data-element_type=\"widget\" data-e-type=\"widget\" data-widget_type=\"html.default\">\n\t\t\t\t<div class=\"elementor-widget-container\">\n\t\t\t\t\t<nav aria-label=\"breadcrumbs\" class=\"rank-math-breadcrumb\"><p><span class=\"label\">Vi ste ovdje \u2192<\/span> <span class=\"last\">Po\u010detna<\/span><\/p><\/nav>\t\t\t\t<\/div>\n\t\t\t\t<\/div>\n\t\t\t\t<div class=\"elementor-element elementor-element-4b6d133 inner-page-text elementor-widget elementor-widget-text-editor\" data-id=\"4b6d133\" data-element_type=\"widget\" data-e-type=\"widget\" data-widget_type=\"text-editor.default\">\n\t\t\t\t<div class=\"elementor-widget-container\">\n\t\t\t\t\t\t\t\t\t<p>Odre\u0111uje se Ivana Rin\u010di\u0107, stru\u010d. spec. admin. publ., slu\u017ebenica Op\u0107ine Marina, kao slu\u017ebena osobu mjerodavnu za rje\u0161avanje ostvarivanje prava na pristup informacijama (dalje u tekstu: slu\u017ebenik za informiranje).<\/p><p><strong>Na\u010din podno\u0161enja zahtjeva za pristup informacijama:<\/strong><\/p><ul><li>Po\u0161tom na adresu: Op\u0107ina Marina, Ante Rudana 47, 21222 Marina<\/li><li>E-mailom: <a href=\"mailto:tajnica@marina.hr\">tajnica@marina.hr<\/a><\/li><li>Telefonom: 021\/889 088, 021\/889 524<\/li><li>Fax-om: 021\/796 541<\/li><li>Osobno u pisarnicu\/protokol<\/li><\/ul><p>PDF:\u00a0<a href=\"https:\/\/dev.marina.hr\/wp58\/wp-content\/uploads\/2016\/02\/II-IZMJENE-I-DOPUNE-ODLUKE-O-IMENOVANJU-SLUZBENIKA-ZA-INFORMIRANJE.pdf\">II IZMJENE I DOPUNE ODLUKE O IMENOVANJU SLU\u017dBENIKA ZA INFORMIRANJE<\/a><\/p><p>PDF:\u00a0<a href=\"https:\/\/dev.marina.hr\/wp58\/wp-content\/uploads\/2016\/02\/Odluka-o-odredivanju-sluzbenikaza-informiranje.pdf\">Odluka o odre\u0111ivanju slu\u017ebenika za informiranje<\/a><\/p><p>PDF:\u00a0<a href=\"https:\/\/dev.marina.hr\/wp58\/wp-content\/uploads\/2016\/02\/Izmjena-i-dopuna-odluke-o-odredivanju-sluzbenika-za-informiranje.pdf\">izmjena-i-dopuna-odluke-o-odredivanju-sluzbenika-za-informiranje<\/a><\/p><p><strong>Obrasci:<\/strong><\/p><ul><li><a href=\"https:\/\/dev.marina.hr\/wp58\/wp-content\/uploads\/2014\/09\/Zahtjev-za-pristup-informacijama.pdf\">Zahtjev za pristup informacijama<\/a><\/li><li><a href=\"https:\/\/dev.marina.hr\/wp58\/wp-content\/uploads\/2014\/09\/Zahtjev-za-ponovnu-uporabu-informacija.pdf\">Zahtjev za ponovnu uporabu informacija<\/a><\/li><li><a href=\"https:\/\/dev.marina.hr\/wp58\/wp-content\/uploads\/2014\/09\/Zahtjev-za-dopunu-ili-ispravak-informacije.pdf\">Zahtjev za dopunu ili ispravak-informacije<\/a><\/li><\/ul><p><strong>Korisne informacije:<\/strong><\/p><ul><li>Zakon o pravu na pristup informacijama (\u201eNarodne novine\u201c, broj 25\/13. i 85\/15.)<\/li><li>Kriteriji za odre\u0111ivanje visine naknade stvarnih materijalnih tro\u0161kova i tro\u0161kova dostave informacije (\u00bbNarodne novine\u00ab, br. 12\/14.)<\/li><li>Ispravak kriterija za odre\u0111ivanje visine naknade stvarnih materijalnih tro\u0161kova i tro\u0161kova dostave informacije (\u00bbNarodne novine\u00ab, br. 15\/14.)<\/li><li>Zakon o tajnosti podataka (\u00bbNarodne novine\u00ab, br. 79\/07. i 86\/12.)<\/li><li>Zakon o za\u0161titi tajnosti podataka(\u00bbNarodne novine\u00ab, br.1089\/96.)<\/li><li>Zakon o za\u0161titi osobnih podataka (\u00bbNarodne novine\u00ab, br.106\/12.- pro\u010di\u0161\u0107eni tekst.)<\/li><li>Zakon o medijima (NN\u00a0<a href=\"http:\/\/www.zakon.hr\/cms.htm?id=455\" target=\"_blank\" rel=\"noopener\">59\/04<\/a>,\u00a0<a href=\"http:\/\/www.zakon.hr\/cms.htm?id=456\" target=\"_blank\" rel=\"noopener\">84\/11<\/a>,\u00a0<a href=\"http:\/\/www.zakon.hr\/cms.htm?id=457\" target=\"_blank\" rel=\"noopener\">81\/13<\/a>)<\/li><li>Zakon o autorskom pravu i srodnim pravima (\u00bbNarodne novine\u00ab, br. 167\/03., 79\/07., 80\/11., 125\/11. I 27\/11.)<\/li><li>Zakon o op\u0107em upravnom postupku (\u00bbNarodne novine\u00ab, br. 47\/09)<\/li><li>Kriteriji za odre\u0111ivanje visine naknade stvarnih materijalnih tro\u0161kova i tro\u0161kova dostave informacije (\u00bbNarodne novine\u00ab, br. 12\/14.)<\/li><li>Ispravak kriterija za odre\u0111ivanje visine naknade stvarnih materijalnih tro\u0161kova i tro\u0161kova dostave informacije (\u00bbNarodne novine\u00ab, br. 15\/14.)<\/li><\/ul><p><strong>Izvje\u0161\u0107a:<\/strong><\/p><ul><li><a href=\"https:\/\/dev.marina.hr\/wp58\/wp-content\/uploads\/2025\/01\/Godisnje-izvjesce-2024..csv\">Godi\u0161nje izvje\u0161\u0107e &#8211; 2024.<\/a> &#8211; excel<\/li><li><a href=\"https:\/\/dev.marina.hr\/wp58\/wp-content\/uploads\/2025\/01\/Godisnje_izvjesce-2024..pdf\">Godisnje_izvjesce 2024.<\/a> &#8211; pdf<\/li><li><a href=\"https:\/\/dev.marina.hr\/wp58\/wp-content\/uploads\/2024\/01\/Godisnje_izvjesce-za-2023.-pdf.pdf\">Godisnje_izvjesce za 2023.<\/a> &#8211; pdf<\/li><li><a href=\"https:\/\/dev.marina.hr\/wp58\/wp-content\/uploads\/2024\/01\/Godisnje-izvjesce-za-2023..csv\">Godi\u0161nje izvje\u0161\u0107e za 2023.<\/a> &#8211; excel<\/li><li><a href=\"https:\/\/dev.marina.hr\/wp58\/wp-content\/uploads\/2023\/01\/GODISNJE-IZVJESCE-2022.pdf\">Godi\u0161nje izvje\u0161\u0107e za 2022.<\/a> -pdf<\/li><li><a href=\"https:\/\/dev.marina.hr\/wp58\/wp-content\/uploads\/2023\/01\/Godisnje-izvjesce-2022..csv\">Godi\u0161nje izvje\u0161\u0107e 2022.<\/a> &#8211; excel<\/li><li><a href=\"https:\/\/dev.marina.hr\/wp58\/wp-content\/uploads\/2022\/01\/Godisnje_izvjesce-2021.pdf\">Godisnje_izvjesce 2021<\/a> -pdf<\/li><li><a href=\"https:\/\/dev.marina.hr\/wp58\/wp-content\/uploads\/2022\/01\/Godisnje-izvjesce-2021.csv\">Godi\u0161nje izvjesce 2021<\/a> -excel<\/li><li><a href=\"https:\/\/dev.marina.hr\/wp58\/wp-content\/uploads\/2016\/02\/Godisnje_izvjesce-za-2020.pdf\">Godisnje_izvjesce za 2020<\/a>\u00a0-pdf<\/li><li><a href=\"https:\/\/dev.marina.hr\/wp58\/wp-content\/uploads\/2016\/02\/Godisnje-izvjesce-2020.xlsx\">Godi\u0161nje izvje\u0161\u0107e 2020<\/a>\u00a0-excel<\/li><li><a href=\"https:\/\/dev.marina.hr\/wp58\/wp-content\/uploads\/2016\/02\/Izvjesce-o-provedbi-Zakona-o-pravu-na-pristup-informacijama-2019..pdf\">Izvje\u0161\u0107e o provedbi Zakona o pravu na pristup informacijama 2019.<\/a><\/li><li><a href=\"https:\/\/dev.marina.hr\/wp58\/wp-content\/uploads\/2016\/02\/Godisnje_izvjesce-2016.-2.xls\">Izvje\u0161\u0107e o provedbi Zakona o pravu na pristup informacijama za 2016. excel<\/a><\/li><li><a href=\"https:\/\/dev.marina.hr\/wp58\/wp-content\/uploads\/2016\/02\/Godisnje-izvjesce-2016-Pravo-na-pristup-informacijama.pdf\">Izvje\u0161\u0107e o provedbi Zakona o pravu na pristup informacijama za 2016.g.<\/a>\u00a0pdf<\/li><li><a href=\"https:\/\/dev.marina.hr\/wp58\/wp-content\/uploads\/2016\/02\/Izvjescce-o-provedbi-Zakona-o-pravu-na-pristup-informacijama-za-2015.g.pdf\">Izvje\u0161\u0107e o provedbi Zakona o pravu na pristup informacijama za 2015.g<\/a><\/li><li><a href=\"https:\/\/dev.marina.hr\/wp58\/wp-content\/uploads\/2016\/02\/Godisnje-izvjesce-za-2017.pdf\">Godi\u0161nje izvje\u0161\u0107e za 2017<\/a>\u00a0&#8211; pdf<\/li><li><a href=\"https:\/\/dev.marina.hr\/wp58\/wp-content\/uploads\/2018\/01\/Godisnje-izvjesce-za-2017.csv\">Godi\u0161nje izvje\u0161\u0107e za 2017<\/a> &#8211; excel<\/li><li><a href=\"https:\/\/dev.marina.hr\/wp58\/wp-content\/uploads\/2016\/02\/Godisnje-izvjesce-2018.xlsx\">Godi\u0161nje izvje\u0161\u0107e 2018<\/a>\u00a0&#8211; excel<\/li><li><a href=\"https:\/\/dev.marina.hr\/wp58\/wp-content\/uploads\/2016\/02\/Godisnje-izvjesce-2018.pdf\">Godisnje izvjesce 2018<\/a>\u00a0&#8211; pdf<\/li><li><a href=\"https:\/\/dev.marina.hr\/wp58\/wp-content\/uploads\/2023\/07\/OPCINA-MARINA-UPITNIK-ZA-SAMOPROCJENU-TJV.xlsx\">OP\u0106INA MARINA UPITNIK ZA SAMOPROCJENU TJV<\/a><\/li><\/ul>\t\t\t\t\t\t\t\t<\/div>\n\t\t\t\t<\/div>\n\t\t\t\t\t<\/div>\n\t\t\t\t<\/div>\n\t\t\t\t<\/div>\n\t\t","protected":false},"excerpt":{"rendered":"<p>Pravo na pristup informacijama Odre\u0111uje se Ivana Rin\u010di\u0107, stru\u010d. spec. admin. publ., slu\u017ebenica Op\u0107ine Marina, kao slu\u017ebena osobu mjerodavnu za rje\u0161avanje ostvarivanje prava na pristup informacijama (dalje u tekstu: slu\u017ebenik za informiranje). Na\u010din podno\u0161enja zahtjeva za pristup informacijama: Po\u0161tom na adresu: Op\u0107ina Marina, Ante Rudana 47, 21222 Marina E-mailom: tajnica@marina.hr Telefonom: 021\/889 088, 021\/889 524 [&hellip;]<\/p>\n","protected":false},"author":6,"featured_media":0,"parent":0,"menu_order":0,"comment_status":"closed","ping_status":"open","template":"","meta":{"footnotes":""},"class_list":["post-4522","page","type-page","status-publish","hentry"],"_links":{"self":[{"href":"https:\/\/dev.marina.hr\/wp58\/wp-json\/wp\/v2\/pages\/4522","targetHints":{"allow":["GET"]}}],"collection":[{"href":"https:\/\/dev.marina.hr\/wp58\/wp-json\/wp\/v2\/pages"}],"about":[{"href":"https:\/\/dev.marina.hr\/wp58\/wp-json\/wp\/v2\/types\/page"}],"author":[{"embeddable":true,"href":"https:\/\/dev.marina.hr\/wp58\/wp-json\/wp\/v2\/users\/6"}],"replies":[{"embeddable":true,"href":"https:\/\/dev.marina.hr\/wp58\/wp-json\/wp\/v2\/comments?post=4522"}],"version-history":[{"count":35,"href":"https:\/\/dev.marina.hr\/wp58\/wp-json\/wp\/v2\/pages\/4522\/revisions"}],"predecessor-version":[{"id":15364,"href":"https:\/\/dev.marina.hr\/wp58\/wp-json\/wp\/v2\/pages\/4522\/revisions\/15364"}],"wp:attachment":[{"href":"https:\/\/dev.marina.hr\/wp58\/wp-json\/wp\/v2\/media?parent=4522"}],"curies":[{"name":"wp","href":"https:\/\/api.w.org\/{rel}","templated":true}]}}