{"id":69,"date":"2012-10-02T18:26:28","date_gmt":"2012-10-02T18:26:28","guid":{"rendered":"https:\/\/dev.marina.hr\/wp58\/?page_id=69"},"modified":"2026-02-11T15:06:52","modified_gmt":"2026-02-11T14:06:52","slug":"povijest-marine","status":"publish","type":"page","link":"https:\/\/dev.marina.hr\/wp58\/povijest-marine\/","title":{"rendered":"Povijest Marine"},"content":{"rendered":"\t\t<div data-elementor-type=\"wp-page\" data-elementor-id=\"69\" class=\"elementor elementor-69\" data-elementor-post-type=\"page\">\n\t\t\t\t<div class=\"elementor-element elementor-element-f90a338 e-flex e-con-boxed e-con e-parent\" data-id=\"f90a338\" data-element_type=\"container\" data-e-type=\"container\" data-settings=\"{&quot;background_background&quot;:&quot;classic&quot;}\">\n\t\t\t\t\t<div class=\"e-con-inner\">\n\t\t\t\t<div class=\"elementor-element elementor-element-76b7f53 elementor-widget__width-initial elementor-widget elementor-widget-heading\" data-id=\"76b7f53\" data-element_type=\"widget\" data-e-type=\"widget\" data-widget_type=\"heading.default\">\n\t\t\t\t<div class=\"elementor-widget-container\">\n\t\t\t\t\t<h2 class=\"elementor-heading-title elementor-size-default\">Povijest Marine\n<\/h2>\t\t\t\t<\/div>\n\t\t\t\t<\/div>\n\t\t\t\t\t<\/div>\n\t\t\t\t<\/div>\n\t\t<div class=\"elementor-element elementor-element-9288d9b e-flex e-con-boxed e-con e-parent\" data-id=\"9288d9b\" data-element_type=\"container\" data-e-type=\"container\">\n\t\t\t\t\t<div class=\"e-con-inner\">\n\t\t\t\t<div class=\"elementor-element elementor-element-b19d4c8 elementor-widget elementor-widget-html\" data-id=\"b19d4c8\" data-element_type=\"widget\" data-e-type=\"widget\" data-widget_type=\"html.default\">\n\t\t\t\t<div class=\"elementor-widget-container\">\n\t\t\t\t\t<nav aria-label=\"breadcrumbs\" class=\"rank-math-breadcrumb\"><p><span class=\"label\">Vi ste ovdje \u2192<\/span> <span class=\"last\">Po\u010detna<\/span><\/p><\/nav>\t\t\t\t<\/div>\n\t\t\t\t<\/div>\n\t\t\t\t<div class=\"elementor-element elementor-element-2f4e338 elementor-widget elementor-widget-heading\" data-id=\"2f4e338\" data-element_type=\"widget\" data-e-type=\"widget\" data-widget_type=\"heading.default\">\n\t\t\t\t<div class=\"elementor-widget-container\">\n\t\t\t\t\t<h2 class=\"elementor-heading-title elementor-size-default\">Povijest Marine\n<\/h2>\t\t\t\t<\/div>\n\t\t\t\t<\/div>\n\t\t\t\t<div class=\"elementor-element elementor-element-24efd94 inner-page-text elementor-widget elementor-widget-text-editor\" data-id=\"24efd94\" data-element_type=\"widget\" data-e-type=\"widget\" data-widget_type=\"text-editor.default\">\n\t\t\t\t<div class=\"elementor-widget-container\">\n\t\t\t\t\t\t\t\t\t<p>Marina je naselje smje\u0161teno u istoimenom zaljevu, sredi\u0161te Op\u0107ine Marina, koja u svom sastavu broji jo\u0161 15 naselja. Op\u0107ina Marina najzapadnija je op\u0107ine Splitsko \u2013 dalmatinske \u017eupanije te grani\u010di sa\u00a0 \u0160ibensko \u2013 kninskom \u017eupanijom. Samo mjesto Marina broji oko 1000 stanovnika, dok cijela Op\u0107ina ima oko 5000 stanovnika. Na podru\u010dju Marine nekada su \u017eivjeli Iliri (pleme Bulini), Hilini (gr\u010dki kolonizatori koji su\u00a0\u00a0 se\u00a0 asimilirali s Bulinima), Rimljani i najzad po\u010detkom 7. stolje\u0107a na\u0161e ere naseli\u0161e ga Hrvati.<br \/>U pro\u0161losti se razli\u010dito nazivao. Najstarija poznata su mu predslavenska imena Bausiona i Drido.<\/p><p>Marina se u srednjovjekovnim izvorima spominje ve\u0107 1070. god. Na podru\u010dju Marine neko\u0107 su \u017eivjeli Iliri, zatim Rimljani te po\u010detkom 7. stolje\u0107a naselili su Hrvati. U starohrvatsko doba sada\u0161nji teritorij Marine zvao se Drid i na njemu je bilo sjedi\u0161te stare dridske \u017eupe, a po selu koje se zvalo Baselen (Bosilen) na podru\u010dju sada\u0161nje Marine \u2013 mjesto je dobilo naziv Bosiljina. Dakle Bosiljina (stari naziv za Marinu) se spominje od 9. stolje\u0107a u sastavu Trogirske komune. U 13.stolje\u0107u Trogirska komuna ima svoj Statut na osnovi kojeg su organizirani organi vlasti koji su radili po statutarnim propisima. Za mleta\u010dke uprave (u Trogiru od 22.lipnja 1420. do 9 srpnja 1797.godine) autonomija komune je bila ograni\u010dena, jer je kneza- kapetana postavljala mleta\u010dka vlast i to redovito jednog iz reda mleta\u010dkih plemi\u0107a.<\/p><p>U drugoj polovici 15.stolje\u0107a nadvila se opasnost i na marinsko podru\u010dje od Turaka. Stoga Trogirski knez Alviz Barbarig odobrava biskupu Franji Maracelu (Frano Marcello) 1495. godine da u marinskoj uvali, uz crkvu Sv.Marine, sagradi ka\u0161tel za obranu tamo\u0161njeg stanovni\u0161tva (jedinstveni obrambeni sklop \u2013 ka\u0161tel, sastojao se od biskupske kule podignute na hridinama u moru i utvrde Citadele, izgra\u0111ene na kopnu, unutar koje je izgra\u0111ena crkva svetog Ivana na prostoru seoskog trga \u2013 Brce). Ka\u0161til je izgra\u0111en kao \u010detverokutna kula s konzolno istaknutim kruni\u0161tem. Kanal izme\u0111u kopna i ka\u0161tila zasut je u po\u010detku XX stolje\u0107a. Ka\u0161til je popravljen za kandijskog rata 1657. i 1717., a rekonstruiran 1971. i 1972. godine.<\/p><p>Po svetoj Marini, toj rijetko \u0161tovanoj svetici \u2013 mu\u010denici, stanovnici naseljeni oko ka\u0161tela i Citadele (koji naknadno izgradi\u0161e bedem za za\u0161titu svoga mjesta) novo naselje i cijeli teritorij Bosiljine prozva\u0161e Marina. Mjesto Marina okuplja \u017eivalj \u010ditavog poluotoka izme\u0111u sela Marine i rogozni\u010dke uvale.<\/p><p>U blizini Marine, uz magistralnu cestu, nalazi se speleolo\u0161ki i povijesno veoma zanimljiva spilja nazvana Grota Sv. Jakova, koja je slu\u017eila kao skloni\u0161te jo\u0161 u pretpovijesno doba. Brojni natpisi na stijenama svjedo\u010de kako je spilja kasnije slu\u017eila kao sveti\u0161te. Spilja se nalazi na nadmorskoj visini od 140 m, a u \u0161pilji se nalazi kapelica. Samu \u0161pilju posjetio je i car Franjo Josip I. 1891. g. U spilji su prona\u0111eni brojni predmeti, kao \u0161to su prethistorijski no\u017ei\u0107i, terine.<\/p><p>Za vrijeme prve austrijske vlasti u Dalmaciji (1797-1805), formira se pokrajinska vlada za Dalmaciju, sa sjedi\u0161tem u Zadru. Cijela Dalmacija podijeljena je na 22 mjesna starje\u0161instva, medu kojima je bilo i Mjesno starje\u0161instvo Trogira, a uspostavljeno je 12. velja\u010de 1798. godine, koji je obuhva\u0107ao i Bosiljinu. Teritorijalna podjela pokrajine Dalmacije izvr\u0161ena je 31. listopada 1811. godine. Kanton Trogir sastoji se od slijede\u0107ih opcina: Trogira, Le\u0107evice, Visoka, Bristivice, Bosiljne, Ramaine ( Ogorje) i Ka\u0161tel Novog, sa ukupno 17.022 \u017eitelja. Od toga vremena postoji op\u0107ina Bosiljina sa 1040 \u017eitelja. Prema popisu iz 1830. godine Bosiljina ima 196 ku\u0107a i 1049 \u017eitelja, a 1847 godine 3.361 \u017eitelja.<\/p><p>Austrija je 1823. godine organizirala op\u0107ine u Dalmaciji (na osnovi odluke iz 1821, objavljene 1822.) Marina (Bosiljina) je postala politi\u010dka op\u0107ina koja je zahva\u0107ala \u0161ire podru\u010dje, uklju\u010divo Drvenik, Sevid i Ra\u010dice. Po sjedi\u0161tu op\u0107ine, koje je bilo u Marini, dobila je ime. Pripadala je trogirskom kotaru (pretura). Funkcionirala je do 1866. godine kada je na vlastito tra\u017eenje (kao i op\u0107ina Bristivica) pripojena op\u0107ini Trogir.<\/p><p>Na \u010delu op\u0107ine stajao je sindik (sudac, sindaco). Imenovala ga je vlada na prijedlog op\u0107inskog vije\u0107a ili na temelju natje\u010daja. Mandat mu je trajao tri godine. Sindik je imao svog pisara za \u010dije je postavljenje bilo potrebno odobrenje vlade. Op\u0107ina se slu\u017ebenicima popunjavala natje\u010dajem, a imenovalo ih je op\u0107insko vije\u0107e. Od 1866. godine Marina je samo porezna op\u0107ina. Posljednji sindik je bio marinjanin Jerkovi\u0107 od Liskovih. Glavara (capovilla) imala su sela s najmanje 25 obitelji. Po potrebi imao je pristava (aggiunto) i \u010dau\u0161a (kurira). Imenovalo ga je Okru\u017eno poglavarstvo u Splitu na prijedlog op\u0107inske uprave.<\/p><p>U mjestu Marina postoje tri crkve: sv.Jakova, sv. Ivana i na samom ulazu u naselje mala crkva sv. Marine, koja se u posljednje vrijeme koristi i kao izlo\u017ebeni prostor kulturnim doga\u0111anjima.<\/p>\t\t\t\t\t\t\t\t<\/div>\n\t\t\t\t<\/div>\n\t\t\t\t<div class=\"elementor-element elementor-element-b215294 elementor-widget elementor-widget-gallery\" data-id=\"b215294\" data-element_type=\"widget\" data-e-type=\"widget\" data-settings=\"{&quot;columns&quot;:3,&quot;gap&quot;:{&quot;unit&quot;:&quot;px&quot;,&quot;size&quot;:20,&quot;sizes&quot;:[]},&quot;image_hover_animation&quot;:&quot;grow&quot;,&quot;gallery_layout&quot;:&quot;grid&quot;,&quot;columns_tablet&quot;:2,&quot;columns_mobile&quot;:1,&quot;gap_laptop&quot;:{&quot;unit&quot;:&quot;px&quot;,&quot;size&quot;:10,&quot;sizes&quot;:[]},&quot;gap_tablet_extra&quot;:{&quot;unit&quot;:&quot;px&quot;,&quot;size&quot;:10,&quot;sizes&quot;:[]},&quot;gap_tablet&quot;:{&quot;unit&quot;:&quot;px&quot;,&quot;size&quot;:10,&quot;sizes&quot;:[]},&quot;gap_mobile&quot;:{&quot;unit&quot;:&quot;px&quot;,&quot;size&quot;:10,&quot;sizes&quot;:[]},&quot;link_to&quot;:&quot;file&quot;,&quot;aspect_ratio&quot;:&quot;3:2&quot;,&quot;content_hover_animation&quot;:&quot;fade-in&quot;}\" data-widget_type=\"gallery.default\">\n\t\t\t\t<div class=\"elementor-widget-container\">\n\t\t\t\t\t\t\t<div class=\"elementor-gallery__container\">\n\t\t\t\t\t\t\t<a class=\"e-gallery-item elementor-gallery-item elementor-animated-content\" href=\"https:\/\/dev.marina.hr\/wp58\/wp-content\/uploads\/2014\/10\/marinska-kula-1960.jpg\" data-elementor-open-lightbox=\"yes\" data-elementor-lightbox-slideshow=\"b215294\" data-elementor-lightbox-title=\"marinska kula 1960\" data-e-action-hash=\"#elementor-action%3Aaction%3Dlightbox%26settings%3DeyJpZCI6MjE0NiwidXJsIjoiaHR0cHM6XC9cL2Rldi5tYXJpbmEuaHJcL3dwNThcL3dwLWNvbnRlbnRcL3VwbG9hZHNcLzIwMTRcLzEwXC9tYXJpbnNrYS1rdWxhLTE5NjAuanBnIiwic2xpZGVzaG93IjoiYjIxNTI5NCJ9\">\n\t\t\t\t\t<div class=\"e-gallery-image elementor-gallery-item__image\" data-thumbnail=\"https:\/\/dev.marina.hr\/wp58\/wp-content\/uploads\/2014\/10\/marinska-kula-1960.jpg\" data-width=\"173\" data-height=\"240\" aria-label=\"\" role=\"img\" ><\/div>\n\t\t\t\t\t\t\t\t\t\t\t\t\t\t<\/a>\n\t\t\t\t\t\t\t<a class=\"e-gallery-item elementor-gallery-item elementor-animated-content\" href=\"https:\/\/dev.marina.hr\/wp58\/wp-content\/uploads\/2014\/10\/grota.jpg\" data-elementor-open-lightbox=\"yes\" data-elementor-lightbox-slideshow=\"b215294\" data-elementor-lightbox-title=\"grota\" data-e-action-hash=\"#elementor-action%3Aaction%3Dlightbox%26settings%3DeyJpZCI6MjE0NCwidXJsIjoiaHR0cHM6XC9cL2Rldi5tYXJpbmEuaHJcL3dwNThcL3dwLWNvbnRlbnRcL3VwbG9hZHNcLzIwMTRcLzEwXC9ncm90YS5qcGciLCJzbGlkZXNob3ciOiJiMjE1Mjk0In0%3D\">\n\t\t\t\t\t<div class=\"e-gallery-image elementor-gallery-item__image\" data-thumbnail=\"https:\/\/dev.marina.hr\/wp58\/wp-content\/uploads\/2014\/10\/grota.jpg\" data-width=\"720\" data-height=\"540\" aria-label=\"\" role=\"img\" ><\/div>\n\t\t\t\t\t\t\t\t\t\t\t\t\t\t<\/a>\n\t\t\t\t\t\t\t<a class=\"e-gallery-item elementor-gallery-item elementor-animated-content\" href=\"https:\/\/dev.marina.hr\/wp58\/wp-content\/uploads\/2014\/10\/42.jpg\" data-elementor-open-lightbox=\"yes\" data-elementor-lightbox-slideshow=\"b215294\" data-elementor-lightbox-title=\"42\" data-e-action-hash=\"#elementor-action%3Aaction%3Dlightbox%26settings%3DeyJpZCI6MjE0MiwidXJsIjoiaHR0cHM6XC9cL2Rldi5tYXJpbmEuaHJcL3dwNThcL3dwLWNvbnRlbnRcL3VwbG9hZHNcLzIwMTRcLzEwXC80Mi5qcGciLCJzbGlkZXNob3ciOiJiMjE1Mjk0In0%3D\">\n\t\t\t\t\t<div class=\"e-gallery-image elementor-gallery-item__image\" data-thumbnail=\"https:\/\/dev.marina.hr\/wp58\/wp-content\/uploads\/2014\/10\/42.jpg\" data-width=\"1920\" data-height=\"1080\" aria-label=\"\" role=\"img\" ><\/div>\n\t\t\t\t\t\t\t\t\t\t\t\t\t\t<\/a>\n\t\t\t\t\t\t\t<a class=\"e-gallery-item elementor-gallery-item elementor-animated-content\" href=\"https:\/\/dev.marina.hr\/wp58\/wp-content\/uploads\/2014\/10\/23.jpg\" data-elementor-open-lightbox=\"yes\" data-elementor-lightbox-slideshow=\"b215294\" data-elementor-lightbox-title=\"23\" data-e-action-hash=\"#elementor-action%3Aaction%3Dlightbox%26settings%3DeyJpZCI6MjE0MSwidXJsIjoiaHR0cHM6XC9cL2Rldi5tYXJpbmEuaHJcL3dwNThcL3dwLWNvbnRlbnRcL3VwbG9hZHNcLzIwMTRcLzEwXC8yMy5qcGciLCJzbGlkZXNob3ciOiJiMjE1Mjk0In0%3D\">\n\t\t\t\t\t<div class=\"e-gallery-image elementor-gallery-item__image\" data-thumbnail=\"https:\/\/dev.marina.hr\/wp58\/wp-content\/uploads\/2014\/10\/23.jpg\" data-width=\"1920\" data-height=\"1080\" aria-label=\"\" role=\"img\" ><\/div>\n\t\t\t\t\t\t\t\t\t\t\t\t\t\t<\/a>\n\t\t\t\t\t\t\t<a class=\"e-gallery-item elementor-gallery-item elementor-animated-content\" href=\"https:\/\/dev.marina.hr\/wp58\/wp-content\/uploads\/2014\/10\/24.jpg\" data-elementor-open-lightbox=\"yes\" data-elementor-lightbox-slideshow=\"b215294\" data-elementor-lightbox-title=\"24\" data-e-action-hash=\"#elementor-action%3Aaction%3Dlightbox%26settings%3DeyJpZCI6MjE1MSwidXJsIjoiaHR0cHM6XC9cL2Rldi5tYXJpbmEuaHJcL3dwNThcL3dwLWNvbnRlbnRcL3VwbG9hZHNcLzIwMTRcLzEwXC8yNC5qcGciLCJzbGlkZXNob3ciOiJiMjE1Mjk0In0%3D\">\n\t\t\t\t\t<div class=\"e-gallery-image elementor-gallery-item__image\" data-thumbnail=\"https:\/\/dev.marina.hr\/wp58\/wp-content\/uploads\/2014\/10\/24.jpg\" data-width=\"1920\" data-height=\"1080\" aria-label=\"\" role=\"img\" ><\/div>\n\t\t\t\t\t\t\t\t\t\t\t\t\t\t<\/a>\n\t\t\t\t\t\t\t<a class=\"e-gallery-item elementor-gallery-item elementor-animated-content\" href=\"https:\/\/dev.marina.hr\/wp58\/wp-content\/uploads\/2014\/10\/sv.marina-2.jpg\" data-elementor-open-lightbox=\"yes\" data-elementor-lightbox-slideshow=\"b215294\" data-elementor-lightbox-title=\"sv.marina (2)\" data-e-action-hash=\"#elementor-action%3Aaction%3Dlightbox%26settings%3DeyJpZCI6MjE0NywidXJsIjoiaHR0cHM6XC9cL2Rldi5tYXJpbmEuaHJcL3dwNThcL3dwLWNvbnRlbnRcL3VwbG9hZHNcLzIwMTRcLzEwXC9zdi5tYXJpbmEtMi5qcGciLCJzbGlkZXNob3ciOiJiMjE1Mjk0In0%3D\">\n\t\t\t\t\t<div class=\"e-gallery-image elementor-gallery-item__image\" data-thumbnail=\"https:\/\/dev.marina.hr\/wp58\/wp-content\/uploads\/2014\/10\/sv.marina-2.jpg\" data-width=\"1099\" data-height=\"825\" aria-label=\"\" role=\"img\" ><\/div>\n\t\t\t\t\t\t\t\t\t\t\t\t\t\t<\/a>\n\t\t\t\t\t<\/div>\n\t\t\t\t\t<\/div>\n\t\t\t\t<\/div>\n\t\t\t\t<div class=\"elementor-element elementor-element-554eead elementor-widget elementor-widget-heading\" data-id=\"554eead\" data-element_type=\"widget\" data-e-type=\"widget\" data-widget_type=\"heading.default\">\n\t\t\t\t<div class=\"elementor-widget-container\">\n\t\t\t\t\t<h2 class=\"elementor-heading-title elementor-size-default\">Dridska \u017eupanija<\/h2>\t\t\t\t<\/div>\n\t\t\t\t<\/div>\n\t\t\t\t<div class=\"elementor-element elementor-element-e12fbbe inner-page-text elementor-widget elementor-widget-text-editor\" data-id=\"e12fbbe\" data-element_type=\"widget\" data-e-type=\"widget\" data-widget_type=\"text-editor.default\">\n\t\t\t\t<div class=\"elementor-widget-container\">\n\t\t\t\t\t\t\t\t\t<p>Oko 2 km zra\u010dne linije sjeveroisto\u010dno od Marine nalazi se brdo Drid, strate\u0161ka to\u010dka marinskog zaljeva i okolnog kopnenog prostora.U ranom srednjem vijeku, u doba kralja Zvonimira, na tom podru\u010dju pru\u017ea se Dridska \u017eupanija. Na njezinu podru\u010dju nalazilo se jedno od naselja stare hrvatske dr\u017eave, koje u 10. stolje\u0107u spominje car i pisac Konstantin Porfirogenet \u2014 Stelpona \u2014 danasnji Stupin nedaleko Rogoznice. S vremenom se na teritorij dridske \u017eupanije pro\u0161irila trogirska komuna, i to upravo zahvaljuju\u0107i darovima hrvatskih i ugarskih vladara. S vremenom je taj dio obale izme\u0111u \u0160ibenika i Trogira bio podijeljen izme\u0111u dvaju gradova, a granica je prolazila blizu Stupina. Na trogirskom teritoriju imali su svoje posjede trogirski benediktinci, pa se neka od ovih mjesta, primjerice Vini\u0161\u0107a, spominju ve\u0107 od srednjeg vijeka.<br \/>Turske najezde izazvale su reorganizaciju prostora napu\u0161tanjem starih sela i gradnjom novih. Tako, potkraj 15. i na po\u010detku 16. stolje\u0107a nastaju dana\u0161nja Marina, Rogoznica i Primo\u0161ten. Marina, primjerice, planirano je naselje, slicno danasnjim Ka\u0161telima, nastalo uz utvrdu ljetnikovac trogirskoga biskupa.<\/p><p>Drid je bio naseljen u prapovijesno doba o \u010demu svjedo\u010de ulomci \u00a0keramike itd. Sjedi\u0161te Dridske \u017eupanije (koja se ve\u0107im dijelom prostirala na podru\u010dju dana\u0161nje Splitsko-dalmatinske \u017eupanije) bilo je u gradu Dridu, \u010diji su ostatci i sada vidljivi na istoimenom brdu (kota 177 m) zapadno od Trogira blizu Marine. U pisanom se izvorniku prvi put spominju 1088. i 1089. godine dridski \u017eupani Ozrina i Dragoslav. U njoj su se nalazili gradovi: Stari \u0160ibenik (kod Greba\u0161tice), Stari Trogir (kod Sevida) i Bosilen (ili Basilen) zapadno od naselja Marine na \u0161to ukazuje i oronim Bazije. Drid zapravo \u010dine dva vrha smje\u0161tena u pravcu sjeverozapad \u2013 sjeveroistok: Veli i Mali vrh. Na Velom je vrhu crkva Gospe od Sniga iz koje je za vrijeme provale Turaka 1500. godine bila prenesena zavjetna slika Majke\u00a0Bo\u017eje i sklonjena na\u00a0otok \u010ciovo u crkvu s.\u00a0 Antuna, koja je kasnije zbog velike posje\u0107enosti pobo\u017enih vjernika bila pro\u0161irena i po toj slici dobila ime Gospa od Drida koje jo\u0161 i danas nosi.<\/p><p>Na brdu Drid, na Velom vrhu, nalazi se kasnoanti\u010dka utvrda koja datira iz 6. stolje\u0107e. Polo\u017eaj utvrde u odnosu na pomorski i kopneni put najbolje govori o njenoj va\u017enosti. Drid kontrolira kontrolira cestovni pravac koji sa zapada, od Skradina i \u0160ibenika, vodi prema Trogiru, a kontrolira tako\u0111er i dio trogirskog akvatorija.<br \/>U preporodnom dobu va\u017enu je ulogu odigrala marinska bratov\u0161tina Svetoga Sakramenta koja je organizirano kao svetinju \u010duvala jezik, obi\u010daje narodni folklor, no\u0161nju i drugo narodno kulturno blago.<\/p><p>U\u010ditelj Dragutin Bajer je osniva\u010d tambura\u0161kog zbora 1928. godine u Marini, u kojem su bili Mi\u0161e Ante Marinov \u2013 kapel majstor. Cvitanovi\u0107 Frane pok. Viska \u2013 berda, Cvitanovi\u0107 Vice Rafaelov \u2013 bugarija, Cvitanovi\u0107 Marin pok. Frane \u2013 prvi bra\u010d, Paraman Ivan Viskov \u2013 drugi bra\u010d, Cvitanovi\u0107 Ante pok. Ivana \u2013 bisernica i Radi\u0107 Ivan pok. Joze \u2013 bisernica. Svirali su i pjevali na dane praznika, na sve\u010danostima, priredbama, pirovima, kr\u0161tenjima itd. Uveseljavali su narod, pjevali, svirali i zabavljali se.<\/p><p><em>Izvor: Filip Racetin: Trogir u narodnom preporodu (znanstveni skup), prigodom stote obljetnice pobjede narodne stranke na op\u0107inskim izborima, 1986. godine<\/em><\/p>\t\t\t\t\t\t\t\t<\/div>\n\t\t\t\t<\/div>\n\t\t\t\t<div class=\"elementor-element elementor-element-f142b72 elementor-widget elementor-widget-gallery\" data-id=\"f142b72\" data-element_type=\"widget\" data-e-type=\"widget\" data-settings=\"{&quot;columns&quot;:2,&quot;gap&quot;:{&quot;unit&quot;:&quot;px&quot;,&quot;size&quot;:20,&quot;sizes&quot;:[]},&quot;image_hover_animation&quot;:&quot;grow&quot;,&quot;gallery_layout&quot;:&quot;grid&quot;,&quot;columns_tablet&quot;:2,&quot;columns_mobile&quot;:1,&quot;gap_laptop&quot;:{&quot;unit&quot;:&quot;px&quot;,&quot;size&quot;:10,&quot;sizes&quot;:[]},&quot;gap_tablet_extra&quot;:{&quot;unit&quot;:&quot;px&quot;,&quot;size&quot;:10,&quot;sizes&quot;:[]},&quot;gap_tablet&quot;:{&quot;unit&quot;:&quot;px&quot;,&quot;size&quot;:10,&quot;sizes&quot;:[]},&quot;gap_mobile&quot;:{&quot;unit&quot;:&quot;px&quot;,&quot;size&quot;:10,&quot;sizes&quot;:[]},&quot;link_to&quot;:&quot;file&quot;,&quot;aspect_ratio&quot;:&quot;3:2&quot;,&quot;content_hover_animation&quot;:&quot;fade-in&quot;}\" data-widget_type=\"gallery.default\">\n\t\t\t\t<div class=\"elementor-widget-container\">\n\t\t\t\t\t\t\t<div class=\"elementor-gallery__container\">\n\t\t\t\t\t\t\t<a class=\"e-gallery-item elementor-gallery-item elementor-animated-content\" href=\"https:\/\/dev.marina.hr\/wp58\/wp-content\/uploads\/2014\/10\/Marina-drid.jpg\" data-elementor-open-lightbox=\"yes\" data-elementor-lightbox-slideshow=\"f142b72\" data-elementor-lightbox-title=\"Marina drid\" data-e-action-hash=\"#elementor-action%3Aaction%3Dlightbox%26settings%3DeyJpZCI6MjE0NSwidXJsIjoiaHR0cHM6XC9cL2Rldi5tYXJpbmEuaHJcL3dwNThcL3dwLWNvbnRlbnRcL3VwbG9hZHNcLzIwMTRcLzEwXC9NYXJpbmEtZHJpZC5qcGciLCJzbGlkZXNob3ciOiJmMTQyYjcyIn0%3D\">\n\t\t\t\t\t<div class=\"e-gallery-image elementor-gallery-item__image\" data-thumbnail=\"https:\/\/dev.marina.hr\/wp58\/wp-content\/uploads\/2014\/10\/Marina-drid.jpg\" data-width=\"2048\" data-height=\"1536\" aria-label=\"\" role=\"img\" ><\/div>\n\t\t\t\t\t\t\t\t\t\t\t\t\t\t<\/a>\n\t\t\t\t\t\t\t<a class=\"e-gallery-item elementor-gallery-item elementor-animated-content\" href=\"https:\/\/dev.marina.hr\/wp58\/wp-content\/uploads\/2014\/10\/drid-unutra.jpg\" data-elementor-open-lightbox=\"yes\" data-elementor-lightbox-slideshow=\"f142b72\" data-elementor-lightbox-title=\"drid unutra\" data-e-action-hash=\"#elementor-action%3Aaction%3Dlightbox%26settings%3DeyJpZCI6MjE0MywidXJsIjoiaHR0cHM6XC9cL2Rldi5tYXJpbmEuaHJcL3dwNThcL3dwLWNvbnRlbnRcL3VwbG9hZHNcLzIwMTRcLzEwXC9kcmlkLXVudXRyYS5qcGciLCJzbGlkZXNob3ciOiJmMTQyYjcyIn0%3D\">\n\t\t\t\t\t<div class=\"e-gallery-image elementor-gallery-item__image\" data-thumbnail=\"https:\/\/dev.marina.hr\/wp58\/wp-content\/uploads\/2014\/10\/drid-unutra.jpg\" data-width=\"180\" data-height=\"240\" aria-label=\"\" role=\"img\" ><\/div>\n\t\t\t\t\t\t\t\t\t\t\t\t\t\t<\/a>\n\t\t\t\t\t<\/div>\n\t\t\t\t\t<\/div>\n\t\t\t\t<\/div>\n\t\t\t\t<div class=\"elementor-element elementor-element-47e5ebc elementor-widget elementor-widget-heading\" data-id=\"47e5ebc\" data-element_type=\"widget\" data-e-type=\"widget\" data-widget_type=\"heading.default\">\n\t\t\t\t<div class=\"elementor-widget-container\">\n\t\t\t\t\t<h2 class=\"elementor-heading-title elementor-size-default\">Broj stanovnika 1657. \u2013 1941.<\/h2>\t\t\t\t<\/div>\n\t\t\t\t<\/div>\n\t\t\t\t<div class=\"elementor-element elementor-element-116d5c3 inner-page-text elementor-widget elementor-widget-text-editor\" data-id=\"116d5c3\" data-element_type=\"widget\" data-e-type=\"widget\" data-widget_type=\"text-editor.default\">\n\t\t\t\t<div class=\"elementor-widget-container\">\n\t\t\t\t\t\t\t\t\t<p>Marina je donedavno obuhva\u0107ala \u0161iri teritorij u primorskom dijelu biv\u0161e op\u0107ine Trogir na kome su osim istoimenog sela Marine, jo\u0161 i naselja Vrsine (s Poljicima), Najevi, Dograde, Gustirna, Pozorac (s Duba\u0161\u0107akom, Podbilom i Podo\u0161ljakom) i Svinca. Povr\u0161ine je 55 km2 kopna. Dana\u0161nji teritorij op\u0107ine Marine ( od 1993. godine) je povr\u0161ine 119 km2 kopna i obuhva\u0107a 15 naselja (uz ve\u0107 spomenuta jo\u0161 i Vini\u0161\u0107e, Sevid, Rastovac, Mitlo, Vinovac, Blizna Gornja i Blizna Donja).<\/p><p>Po Frani Divni\u0107u (Difnico) do marinske bitke s Turcima 1657. godine na teritoriju Marine (koja je imala povr\u0161inu od 55 km2 kopna) \u017eivjelo je oko 1000 stanovnika. U izravnoj borbi s Turcima tijekom sedmodnevnih borbi poginulo je vi\u0161e od 300, zarobljeno ih je (starci, \u017eene i djeca) vi\u0161e od 300 i odvedeno u ropstvo u Bosnu odakle se nisu vratili. Bitku je pre\u017eivjelo manje od 400 od kojih se dio sklonio u Trogir, a drugi su se razbje\u017eali po okolici.<\/p><p>Godine 1726. na istom teritoriju \u017eivjela su 392 stanovnika. Popis je sa\u010dinio \u017eupnik u Marini don Vice Bioli\u0107. Budu\u0107i da je otprilike toliko stanovnika pre\u017eivjelo marinsku katastrofu 1657, zna\u010di da se za 70 godina broj stanovnika ni za malo nije pove\u0107ao.<\/p><p>Po statisti\u010dkim podacima broj stanovnika od 1857. do 1941. godine ovako se kretao:<\/p><ul><li>1857. godine 1047 stanovnika<\/li><li>1869. godine 1356 stanovnika<\/li><li>1880. godine 1322 stanovnika<\/li><li>1890. godine 1404 stanovnika<\/li><li>1900. godine 1385 stanovnika<\/li><li>1910. godine 1646 stanovnika<\/li><li>1921. godine 1821 stanovnik<\/li><li>1931. godine 2377 stanovnika<\/li><li>1941. godine 3300 stanovnika<\/li><\/ul><p>\u00a0<\/p><p>Na temelju ovih podataka zaklju\u010dujemo da je broj stanovnika iz 1657. (prije bitke s Turcima) dostignut tek poslije 200 godina, upravo na pragu preporodnog doba, i da se u preporodno doba do 1941. godine utrostru\u010dio.<\/p><p>Luigi Maschek je naveo zanimljiv statisti\u010dki podatak da je 1880. godine u Marini samo jedna osoba govorila talijanskim jezikom.<br \/><em>IZVOR: Filip Racetin: Narodni preporod u Marini \u2013 Trogir u narodnom preporodu (znanstveni skup) \u2013 prigodom stote obljetnice pobjede narodne stranke na op\u0107inskim izborima 1886 \u2013 1986 .<\/em><\/p>\t\t\t\t\t\t\t\t<\/div>\n\t\t\t\t<\/div>\n\t\t\t\t\t<\/div>\n\t\t\t\t<\/div>\n\t\t\t\t<\/div>\n\t\t","protected":false},"excerpt":{"rendered":"<p>Povijest Marine Povijest Marine Marina je naselje smje\u0161teno u istoimenom zaljevu, sredi\u0161te Op\u0107ine Marina, koja u svom sastavu broji jo\u0161 15 naselja. Op\u0107ina Marina najzapadnija je op\u0107ine Splitsko \u2013 dalmatinske \u017eupanije te grani\u010di sa\u00a0 \u0160ibensko \u2013 kninskom \u017eupanijom. Samo mjesto Marina broji oko 1000 stanovnika, dok cijela Op\u0107ina ima oko 5000 stanovnika. Na podru\u010dju Marine [&hellip;]<\/p>\n","protected":false},"author":5,"featured_media":2142,"parent":0,"menu_order":0,"comment_status":"closed","ping_status":"open","template":"","meta":{"footnotes":""},"class_list":["post-69","page","type-page","status-publish","has-post-thumbnail","hentry"],"_links":{"self":[{"href":"https:\/\/dev.marina.hr\/wp58\/wp-json\/wp\/v2\/pages\/69","targetHints":{"allow":["GET"]}}],"collection":[{"href":"https:\/\/dev.marina.hr\/wp58\/wp-json\/wp\/v2\/pages"}],"about":[{"href":"https:\/\/dev.marina.hr\/wp58\/wp-json\/wp\/v2\/types\/page"}],"author":[{"embeddable":true,"href":"https:\/\/dev.marina.hr\/wp58\/wp-json\/wp\/v2\/users\/5"}],"replies":[{"embeddable":true,"href":"https:\/\/dev.marina.hr\/wp58\/wp-json\/wp\/v2\/comments?post=69"}],"version-history":[{"count":31,"href":"https:\/\/dev.marina.hr\/wp58\/wp-json\/wp\/v2\/pages\/69\/revisions"}],"predecessor-version":[{"id":15285,"href":"https:\/\/dev.marina.hr\/wp58\/wp-json\/wp\/v2\/pages\/69\/revisions\/15285"}],"wp:featuredmedia":[{"embeddable":true,"href":"https:\/\/dev.marina.hr\/wp58\/wp-json\/wp\/v2\/media\/2142"}],"wp:attachment":[{"href":"https:\/\/dev.marina.hr\/wp58\/wp-json\/wp\/v2\/media?parent=69"}],"curies":[{"name":"wp","href":"https:\/\/api.w.org\/{rel}","templated":true}]}}