{"id":7747,"date":"2020-02-17T10:15:15","date_gmt":"2020-02-17T09:15:15","guid":{"rendered":"https:\/\/dev.marina.hr\/wp58\/?page_id=7747"},"modified":"2026-02-11T20:48:01","modified_gmt":"2026-02-11T19:48:01","slug":"civilna-zastita","status":"publish","type":"page","link":"https:\/\/dev.marina.hr\/wp58\/civilna-zastita\/","title":{"rendered":"Civilna za\u0161tita"},"content":{"rendered":"\t\t<div data-elementor-type=\"wp-page\" data-elementor-id=\"7747\" class=\"elementor elementor-7747\" data-elementor-post-type=\"page\">\n\t\t\t\t<div class=\"elementor-element elementor-element-d1ecbb6 e-flex e-con-boxed e-con e-parent\" data-id=\"d1ecbb6\" data-element_type=\"container\" data-e-type=\"container\" data-settings=\"{&quot;background_background&quot;:&quot;classic&quot;}\">\n\t\t\t\t\t<div class=\"e-con-inner\">\n\t\t\t\t<div class=\"elementor-element elementor-element-9db744d elementor-widget__width-initial elementor-widget elementor-widget-heading\" data-id=\"9db744d\" data-element_type=\"widget\" data-e-type=\"widget\" data-widget_type=\"heading.default\">\n\t\t\t\t<div class=\"elementor-widget-container\">\n\t\t\t\t\t<h2 class=\"elementor-heading-title elementor-size-default\">Civilna za\u0161tita<\/h2>\t\t\t\t<\/div>\n\t\t\t\t<\/div>\n\t\t\t\t\t<\/div>\n\t\t\t\t<\/div>\n\t\t<div class=\"elementor-element elementor-element-6ae49a2 e-flex e-con-boxed e-con e-parent\" data-id=\"6ae49a2\" data-element_type=\"container\" data-e-type=\"container\">\n\t\t\t\t\t<div class=\"e-con-inner\">\n\t\t\t\t<div class=\"elementor-element elementor-element-e6bd283 elementor-widget elementor-widget-html\" data-id=\"e6bd283\" data-element_type=\"widget\" data-e-type=\"widget\" data-widget_type=\"html.default\">\n\t\t\t\t<div class=\"elementor-widget-container\">\n\t\t\t\t\t<nav aria-label=\"breadcrumbs\" class=\"rank-math-breadcrumb\"><p><span class=\"label\">Vi ste ovdje \u2192<\/span> <span class=\"last\">Po\u010detna<\/span><\/p><\/nav>\t\t\t\t<\/div>\n\t\t\t\t<\/div>\n\t\t\t\t<div class=\"elementor-element elementor-element-450b185 inner-page-text elementor-widget elementor-widget-text-editor\" data-id=\"450b185\" data-element_type=\"widget\" data-e-type=\"widget\" data-widget_type=\"text-editor.default\">\n\t\t\t\t<div class=\"elementor-widget-container\">\n\t\t\t\t\t\t\t\t\t<h5><strong>&#8211; Odluka o osnivanju i imenovanju na\u010delnika, zamjenika na\u010delnika i \u010dlanova Sto\u017eera civilne za\u0161tite Op\u0107ine Marina<\/strong><\/h5><p><a href=\"https:\/\/dev.marina.hr\/wp58\/wp-content\/uploads\/2025\/09\/Odluka-o-osnivanju-i-imenovanju-nacelnika-zamjenika-nacelnika-i-clanova-Stozera-CZ-Opcina-Marina.pdf\">Odluka o osnivanju i imenovanju na\u010delnika, zamjenika na\u010delnika i \u010dlanova Sto\u017eera CZ Op\u0107ina Marina<\/a><\/p><p>\u00a0<\/p><h5><strong>&#8211; Odluka o procjeni rizika od velikih nesre\u0107a za Op\u0107inu Marina\u00a0<\/strong><\/h5><p><a href=\"https:\/\/dev.marina.hr\/wp58\/wp-content\/uploads\/2025\/09\/Procjena-rizika-od-velikih-nesreca.pdf\">Procjena rizika od velikih nesre\u0107a<\/a><\/p>\t\t\t\t\t\t\t\t<\/div>\n\t\t\t\t<\/div>\n\t\t\t\t\t<\/div>\n\t\t\t\t<\/div>\n\t\t\t\t<\/div>\n\t\t","protected":false},"excerpt":{"rendered":"<p>Civilna za\u0161tita &#8211; Odluka o osnivanju i imenovanju na\u010delnika, zamjenika na\u010delnika i \u010dlanova Sto\u017eera civilne za\u0161tite Op\u0107ine Marina Odluka o osnivanju i imenovanju na\u010delnika, zamjenika na\u010delnika i \u010dlanova Sto\u017eera CZ Op\u0107ina Marina \u00a0 &#8211; Odluka o procjeni rizika od velikih nesre\u0107a za Op\u0107inu Marina\u00a0 Procjena rizika od velikih nesre\u0107a<\/p>\n","protected":false},"author":5,"featured_media":0,"parent":0,"menu_order":0,"comment_status":"closed","ping_status":"closed","template":"","meta":{"footnotes":""},"class_list":["post-7747","page","type-page","status-publish","hentry"],"_links":{"self":[{"href":"https:\/\/dev.marina.hr\/wp58\/wp-json\/wp\/v2\/pages\/7747","targetHints":{"allow":["GET"]}}],"collection":[{"href":"https:\/\/dev.marina.hr\/wp58\/wp-json\/wp\/v2\/pages"}],"about":[{"href":"https:\/\/dev.marina.hr\/wp58\/wp-json\/wp\/v2\/types\/page"}],"author":[{"embeddable":true,"href":"https:\/\/dev.marina.hr\/wp58\/wp-json\/wp\/v2\/users\/5"}],"replies":[{"embeddable":true,"href":"https:\/\/dev.marina.hr\/wp58\/wp-json\/wp\/v2\/comments?post=7747"}],"version-history":[{"count":16,"href":"https:\/\/dev.marina.hr\/wp58\/wp-json\/wp\/v2\/pages\/7747\/revisions"}],"predecessor-version":[{"id":15370,"href":"https:\/\/dev.marina.hr\/wp58\/wp-json\/wp\/v2\/pages\/7747\/revisions\/15370"}],"wp:attachment":[{"href":"https:\/\/dev.marina.hr\/wp58\/wp-json\/wp\/v2\/media?parent=7747"}],"curies":[{"name":"wp","href":"https:\/\/api.w.org\/{rel}","templated":true}]}}