{"id":8325,"date":"2021-01-21T15:00:28","date_gmt":"2021-01-21T14:00:28","guid":{"rendered":"https:\/\/dev.marina.hr\/wp58\/?page_id=8325"},"modified":"2026-02-11T20:46:23","modified_gmt":"2026-02-11T19:46:23","slug":"zastita-osobnih-podataka","status":"publish","type":"page","link":"https:\/\/dev.marina.hr\/wp58\/zastita-osobnih-podataka\/","title":{"rendered":"Za\u0161tita osobnih podataka"},"content":{"rendered":"\t\t<div data-elementor-type=\"wp-page\" data-elementor-id=\"8325\" class=\"elementor elementor-8325\" data-elementor-post-type=\"page\">\n\t\t\t\t<div class=\"elementor-element elementor-element-638fbfe e-flex e-con-boxed e-con e-parent\" data-id=\"638fbfe\" data-element_type=\"container\" data-e-type=\"container\" data-settings=\"{&quot;background_background&quot;:&quot;classic&quot;}\">\n\t\t\t\t\t<div class=\"e-con-inner\">\n\t\t\t\t<div class=\"elementor-element elementor-element-ff4470b elementor-widget__width-initial elementor-widget elementor-widget-heading\" data-id=\"ff4470b\" data-element_type=\"widget\" data-e-type=\"widget\" data-widget_type=\"heading.default\">\n\t\t\t\t<div class=\"elementor-widget-container\">\n\t\t\t\t\t<h2 class=\"elementor-heading-title elementor-size-default\">Za\u0161tita osobnih podataka<\/h2>\t\t\t\t<\/div>\n\t\t\t\t<\/div>\n\t\t\t\t\t<\/div>\n\t\t\t\t<\/div>\n\t\t<div class=\"elementor-element elementor-element-0aa3f3c e-flex e-con-boxed e-con e-parent\" data-id=\"0aa3f3c\" data-element_type=\"container\" data-e-type=\"container\">\n\t\t\t\t\t<div class=\"e-con-inner\">\n\t\t\t\t<div class=\"elementor-element elementor-element-0ec8a75 elementor-widget elementor-widget-html\" data-id=\"0ec8a75\" data-element_type=\"widget\" data-e-type=\"widget\" data-widget_type=\"html.default\">\n\t\t\t\t<div class=\"elementor-widget-container\">\n\t\t\t\t\t<nav aria-label=\"breadcrumbs\" class=\"rank-math-breadcrumb\"><p><span class=\"label\">Vi ste ovdje \u2192<\/span> <span class=\"last\">Po\u010detna<\/span><\/p><\/nav>\t\t\t\t<\/div>\n\t\t\t\t<\/div>\n\t\t\t\t<div class=\"elementor-element elementor-element-a68d6ff inner-page-text elementor-widget elementor-widget-text-editor\" data-id=\"a68d6ff\" data-element_type=\"widget\" data-e-type=\"widget\" data-widget_type=\"text-editor.default\">\n\t\t\t\t<div class=\"elementor-widget-container\">\n\t\t\t\t\t\t\t\t\t<p><b>Odluka o imenovanju slu\u017ebenika za za\u0161titu osobnih podataka<\/b><\/p><p><strong>Ivana Rin\u010di\u0107<\/strong>, stru\u010dna specijalistica javne uprave, na radnom mjestu tajnice na\u010delnika imenuje se slu\u017ebenikom za za\u0161titu osobnih podataka Op\u0107ine Marina.<\/p><p>Slu\u017ebenik za za\u0161titu podataka obavlja u skladu s \u010dl. 39. Op\u0107e uredbe najmanje sljede\u0107e zada\u0107e:<\/p><ul><li>informiranje i savjetovanje voditelja obrade ili izvr\u0161itelja obrade te zaposlenika koji obavljaju obradu o njihovim obvezama iz ove Uredbe te drugim odredbama Unije ili dr\u017eave \u010dlanice o za\u0161titi podataka;<\/li><li>\u00a0pra\u0107enje po\u0161tovanja ove Uredbe te drugih odredaba Unije ili dr\u017eave \u010dlanice o za\u0161titi podataka i politika voditelja obrade ili izvr\u0161itelja obrade u odnosu na za\u0161titu osobnih podataka, uklju\u010duju\u0107i raspodjelu odgovornosti, podizanje svijesti i osposobljavanje osoblja koje sudjeluje u postupcima obrade te povezane revizije;<\/li><li>pru\u017eanje savjeta, kada je to zatra\u017eeno, u pogledu procjene u\u010dinka na za\u0161titu podataka i pra\u0107enje njezina izvr\u0161avanja u skladu s \u010dlankom 35. Op\u0107e uredbe;<\/li><li>suradnja s nadzornim tijelom;<\/li><li>djelovanje kao kontaktna to\u010dka za nadzorno tijelo o pitanjima u pogledu obrade, \u0161to uklju\u010duje i prethodno savjetovanje iz \u010dlanka 36. te savjetovanje, prema potrebi, o svim drugim pitanjima.<\/li><\/ul><p><b>Kontakt podaci slu\u017ebenika za za\u0161titu osobnih podataka Op\u0107ine Marina:<\/b><\/p><ul><li>Ivana Rin\u010di\u0107,\u00a0stru\u010d.spec.admin.publ.<\/li><li><a href=\"mailto: tajnica@marina.hr\">tajnica@marina.hr<\/a><\/li><li>slu\u017ebeni telefonski broj: 021 889 088<\/li><li>slu\u017ebeni telefaks broj: 021 796 541<\/li><\/ul><p>PDF:\u00a0<a href=\"https:\/\/dev.marina.hr\/wp58\/wp-content\/uploads\/2021\/01\/ODLUKA-imenovanju-sluzbenika-gdpr18.01.2021.pdf\" target=\"_blank\" rel=\"noopener\">ODLUKA- imenovanju slu\u017ebenika gdpr18.01.2021<\/a><\/p><p>PDF:<a href=\"https:\/\/dev.marina.hr\/wp58\/wp-content\/uploads\/2021\/01\/POLITIKA-PDF.pdf\">POLITIKA PDF<br \/><\/a><\/p><p><em><b>Promjene Politike za\u0161tite privatnosti<\/b><\/em><\/p><p>U slu\u010daju promjena Politike za\u0161tite privatnosti Op\u0107ine Marina obavijestit \u0107emo Vas o tome te na ovoj stranici i a\u017eurirati datum izmjene politike za\u0161tite privatnosti.<\/p><p>Ova Politika za\u0161tite privatnosti je zadnji put izmijenjena 18. sije\u010dnja 2021. godine.<\/p>\t\t\t\t\t\t\t\t<\/div>\n\t\t\t\t<\/div>\n\t\t\t\t\t<\/div>\n\t\t\t\t<\/div>\n\t\t\t\t<\/div>\n\t\t","protected":false},"excerpt":{"rendered":"<p>Za\u0161tita osobnih podataka Odluka o imenovanju slu\u017ebenika za za\u0161titu osobnih podataka Ivana Rin\u010di\u0107, stru\u010dna specijalistica javne uprave, na radnom mjestu tajnice na\u010delnika imenuje se slu\u017ebenikom za za\u0161titu osobnih podataka Op\u0107ine Marina. Slu\u017ebenik za za\u0161titu podataka obavlja u skladu s \u010dl. 39. Op\u0107e uredbe najmanje sljede\u0107e zada\u0107e: informiranje i savjetovanje voditelja obrade ili izvr\u0161itelja obrade te [&hellip;]<\/p>\n","protected":false},"author":5,"featured_media":0,"parent":0,"menu_order":0,"comment_status":"closed","ping_status":"closed","template":"","meta":{"footnotes":""},"class_list":["post-8325","page","type-page","status-publish","hentry"],"_links":{"self":[{"href":"https:\/\/dev.marina.hr\/wp58\/wp-json\/wp\/v2\/pages\/8325","targetHints":{"allow":["GET"]}}],"collection":[{"href":"https:\/\/dev.marina.hr\/wp58\/wp-json\/wp\/v2\/pages"}],"about":[{"href":"https:\/\/dev.marina.hr\/wp58\/wp-json\/wp\/v2\/types\/page"}],"author":[{"embeddable":true,"href":"https:\/\/dev.marina.hr\/wp58\/wp-json\/wp\/v2\/users\/5"}],"replies":[{"embeddable":true,"href":"https:\/\/dev.marina.hr\/wp58\/wp-json\/wp\/v2\/comments?post=8325"}],"version-history":[{"count":17,"href":"https:\/\/dev.marina.hr\/wp58\/wp-json\/wp\/v2\/pages\/8325\/revisions"}],"predecessor-version":[{"id":15367,"href":"https:\/\/dev.marina.hr\/wp58\/wp-json\/wp\/v2\/pages\/8325\/revisions\/15367"}],"wp:attachment":[{"href":"https:\/\/dev.marina.hr\/wp58\/wp-json\/wp\/v2\/media?parent=8325"}],"curies":[{"name":"wp","href":"https:\/\/api.w.org\/{rel}","templated":true}]}}