{"id":9328,"date":"2021-12-06T10:15:16","date_gmt":"2021-12-06T09:15:16","guid":{"rendered":"https:\/\/dev.marina.hr\/wp58\/?page_id=9328"},"modified":"2026-02-11T20:40:31","modified_gmt":"2026-02-11T19:40:31","slug":"opcinski-proracun","status":"publish","type":"page","link":"https:\/\/dev.marina.hr\/wp58\/opcinski-proracun\/","title":{"rendered":"Op\u0107inski prora\u010dun"},"content":{"rendered":"\t\t<div data-elementor-type=\"wp-page\" data-elementor-id=\"9328\" class=\"elementor elementor-9328\" data-elementor-post-type=\"page\">\n\t\t\t\t<div class=\"elementor-element elementor-element-1500d00 e-flex e-con-boxed e-con e-parent\" data-id=\"1500d00\" data-element_type=\"container\" data-e-type=\"container\" data-settings=\"{&quot;background_background&quot;:&quot;classic&quot;}\">\n\t\t\t\t\t<div class=\"e-con-inner\">\n\t\t\t\t<div class=\"elementor-element elementor-element-246eaa0 elementor-widget__width-initial elementor-widget elementor-widget-heading\" data-id=\"246eaa0\" data-element_type=\"widget\" data-e-type=\"widget\" data-widget_type=\"heading.default\">\n\t\t\t\t<div class=\"elementor-widget-container\">\n\t\t\t\t\t<h2 class=\"elementor-heading-title elementor-size-default\">Op\u0107inski prora\u010dun<\/h2>\t\t\t\t<\/div>\n\t\t\t\t<\/div>\n\t\t\t\t\t<\/div>\n\t\t\t\t<\/div>\n\t\t<div class=\"elementor-element elementor-element-ed3736c e-flex e-con-boxed e-con e-parent\" data-id=\"ed3736c\" data-element_type=\"container\" data-e-type=\"container\">\n\t\t\t\t\t<div class=\"e-con-inner\">\n\t\t\t\t<div class=\"elementor-element elementor-element-f0581ea elementor-widget elementor-widget-html\" data-id=\"f0581ea\" data-element_type=\"widget\" data-e-type=\"widget\" data-widget_type=\"html.default\">\n\t\t\t\t<div class=\"elementor-widget-container\">\n\t\t\t\t\t<nav aria-label=\"breadcrumbs\" class=\"rank-math-breadcrumb\"><p><span class=\"label\">Vi ste ovdje \u2192<\/span> <span class=\"last\">Po\u010detna<\/span><\/p><\/nav>\t\t\t\t<\/div>\n\t\t\t\t<\/div>\n\t\t\t\t<div class=\"elementor-element elementor-element-054bc02 elementor-widget elementor-widget-heading\" data-id=\"054bc02\" data-element_type=\"widget\" data-e-type=\"widget\" data-widget_type=\"heading.default\">\n\t\t\t\t<div class=\"elementor-widget-container\">\n\t\t\t\t\t<h2 class=\"elementor-heading-title elementor-size-default\">Op\u0107inski prora\u010dun Op\u0107ine Marina<\/h2>\t\t\t\t<\/div>\n\t\t\t\t<\/div>\n\t\t\t\t<div class=\"elementor-element elementor-element-be648ad elementor-widget elementor-widget-text-editor\" data-id=\"be648ad\" data-element_type=\"widget\" data-e-type=\"widget\" data-widget_type=\"text-editor.default\">\n\t\t\t\t<div class=\"elementor-widget-container\">\n\t\t\t\t\t\t\t\t\t<p>Prora\u010dun Op\u0107ine Marina je financijski dokument u kojem su iskazani planirani godi\u0161nji prihodi i rashodi. Prora\u010dun odobrava Op\u0107insko vije\u0107e i odnosi se na fiskalnu godinu u kojoj je donesen.<\/p>\t\t\t\t\t\t\t\t<\/div>\n\t\t\t\t<\/div>\n\t\t\t\t\t<\/div>\n\t\t\t\t<\/div>\n\t\t<div class=\"elementor-element elementor-element-1520b31 e-con-full e-flex e-con e-parent\" data-id=\"1520b31\" data-element_type=\"container\" data-e-type=\"container\">\n\t\t<div class=\"elementor-element elementor-element-3054e00 e-flex e-con-boxed e-con e-child\" data-id=\"3054e00\" data-element_type=\"container\" data-e-type=\"container\">\n\t\t\t\t\t<div class=\"e-con-inner\">\n\t\t\t\t<div class=\"elementor-element elementor-element-f4eb988 elementor-widget elementor-widget-heading\" data-id=\"f4eb988\" data-element_type=\"widget\" data-e-type=\"widget\" data-widget_type=\"heading.default\">\n\t\t\t\t<div class=\"elementor-widget-container\">\n\t\t\t\t\t<h2 class=\"elementor-heading-title elementor-size-default\">obavijesti<\/h2>\t\t\t\t<\/div>\n\t\t\t\t<\/div>\n\t\t\t\t\t<\/div>\n\t\t\t\t<\/div>\n\t\t<div class=\"elementor-element elementor-element-99d104c e-flex e-con-boxed e-con e-child\" data-id=\"99d104c\" data-element_type=\"container\" data-e-type=\"container\">\n\t\t\t\t\t<div class=\"e-con-inner\">\n\t\t<div class=\"elementor-element elementor-element-eb4f935 e-con-full e-flex e-con e-child\" data-id=\"eb4f935\" data-element_type=\"container\" data-e-type=\"container\">\n\t\t\t\t<div class=\"elementor-element elementor-element-f8b4394 elementor-grid-1 elementor-grid-tablet-1 elementor-grid-mobile-1 elementor-widget elementor-widget-loop-grid\" data-id=\"f8b4394\" data-element_type=\"widget\" data-e-type=\"widget\" data-settings=\"{&quot;template_id&quot;:&quot;13726&quot;,&quot;columns&quot;:1,&quot;columns_tablet&quot;:1,&quot;row_gap&quot;:{&quot;unit&quot;:&quot;px&quot;,&quot;size&quot;:0,&quot;sizes&quot;:[]},&quot;pagination_type&quot;:&quot;load_more_on_click&quot;,&quot;_skin&quot;:&quot;post&quot;,&quot;columns_mobile&quot;:&quot;1&quot;,&quot;edit_handle_selector&quot;:&quot;[data-elementor-type=\\&quot;loop-item\\&quot;]&quot;,&quot;load_more_spinner&quot;:{&quot;value&quot;:&quot;fas fa-spinner&quot;,&quot;library&quot;:&quot;fa-solid&quot;},&quot;row_gap_laptop&quot;:{&quot;unit&quot;:&quot;px&quot;,&quot;size&quot;:&quot;&quot;,&quot;sizes&quot;:[]},&quot;row_gap_tablet_extra&quot;:{&quot;unit&quot;:&quot;px&quot;,&quot;size&quot;:&quot;&quot;,&quot;sizes&quot;:[]},&quot;row_gap_tablet&quot;:{&quot;unit&quot;:&quot;px&quot;,&quot;size&quot;:&quot;&quot;,&quot;sizes&quot;:[]},&quot;row_gap_mobile&quot;:{&quot;unit&quot;:&quot;px&quot;,&quot;size&quot;:&quot;&quot;,&quot;sizes&quot;:[]}}\" data-widget_type=\"loop-grid.post\">\n\t\t\t\t<div class=\"elementor-widget-container\">\n\t\t\t\t\t\t\t<div class=\"elementor-loop-container elementor-grid\" role=\"list\">\n\t\t<style id=\"loop-13726\">.elementor-13726 .elementor-element.elementor-element-4ae61f9{--display:flex;--flex-direction:column;--container-widget-width:100%;--container-widget-height:initial;--container-widget-flex-grow:0;--container-widget-align-self:initial;--flex-wrap-mobile:wrap;--gap:0px 0px;--row-gap:0px;--column-gap:0px;--background-transition:0.5s;border-style:solid;--border-style:solid;border-width:0px 0px 1px 0px;--border-top-width:0px;--border-right-width:0px;--border-bottom-width:1px;--border-left-width:0px;border-color:#1A1A18;--border-color:#1A1A18;--padding-top:40px;--padding-bottom:25px;--padding-left:60px;--padding-right:60px;}.elementor-13726 .elementor-element.elementor-element-4ae61f9:not(.elementor-motion-effects-element-type-background), .elementor-13726 .elementor-element.elementor-element-4ae61f9 > .elementor-motion-effects-container > .elementor-motion-effects-layer{background-color:#F9D9090D;}.elementor-13726 .elementor-element.elementor-element-4ae61f9:hover{background-color:#F9D9094D;}.elementor-widget-theme-post-title .elementor-heading-title{font-family:var( --e-global-typography-primary-font-family ), Sans-serif;font-weight:var( --e-global-typography-primary-font-weight );color:var( --e-global-color-primary );}.elementor-13726 .elementor-element.elementor-element-01bd6ab .elementor-heading-title{font-family:\"Montserrat\", Sans-serif;font-size:22px;font-weight:700;line-height:27px;color:#000000;}.elementor-13726 .elementor-element.elementor-element-01bd6ab > .elementor-widget-container{padding:0px 0px 0px 0px;}.elementor-widget-post-info .elementor-icon-list-item:not(:last-child):after{border-color:var( --e-global-color-text );}.elementor-widget-post-info .elementor-icon-list-icon i{color:var( --e-global-color-primary );}.elementor-widget-post-info .elementor-icon-list-icon svg{fill:var( --e-global-color-primary );}.elementor-widget-post-info .elementor-icon-list-text, .elementor-widget-post-info .elementor-icon-list-text a{color:var( --e-global-color-secondary );}.elementor-widget-post-info .elementor-icon-list-item{font-family:var( --e-global-typography-text-font-family ), Sans-serif;font-weight:var( --e-global-typography-text-font-weight );}.elementor-13726 .elementor-element.elementor-element-ef77432 .elementor-icon-list-item:not(:last-child):after{content:\"\";height:60%;border-color:#606060;}.elementor-13726 .elementor-element.elementor-element-ef77432 .elementor-icon-list-items:not(.elementor-inline-items) .elementor-icon-list-item:not(:last-child):after{border-top-style:solid;border-top-width:1px;}.elementor-13726 .elementor-element.elementor-element-ef77432 .elementor-icon-list-items.elementor-inline-items .elementor-icon-list-item:not(:last-child):after{border-left-style:solid;}.elementor-13726 .elementor-element.elementor-element-ef77432 .elementor-inline-items .elementor-icon-list-item:not(:last-child):after{border-left-width:1px;}.elementor-13726 .elementor-element.elementor-element-ef77432 .elementor-icon-list-icon{width:14px;}.elementor-13726 .elementor-element.elementor-element-ef77432 .elementor-icon-list-icon i{font-size:14px;}.elementor-13726 .elementor-element.elementor-element-ef77432 .elementor-icon-list-icon svg{--e-icon-list-icon-size:14px;}.elementor-13726 .elementor-element.elementor-element-ef77432 .elementor-icon-list-text, .elementor-13726 .elementor-element.elementor-element-ef77432 .elementor-icon-list-text a{color:#606060;}.elementor-13726 .elementor-element.elementor-element-ef77432 .elementor-icon-list-item{font-family:\"Montserrat\", Sans-serif;font-size:16px;font-weight:400;line-height:30px;}.elementor-13726 .elementor-element.elementor-element-ef77432 > .elementor-widget-container{padding:10px 0px 0px 0px;}@media(max-width:1024px){.elementor-13726 .elementor-element.elementor-element-4ae61f9{--min-height:0;--padding-top:40px;--padding-bottom:25px;--padding-left:15px;--padding-right:15px;}.elementor-13726 .elementor-element.elementor-element-01bd6ab .elementor-heading-title{font-size:22px;line-height:25px;}}@media(max-width:767px){.elementor-13726 .elementor-element.elementor-element-4ae61f9{--padding-top:40px;--padding-bottom:25px;--padding-left:15px;--padding-right:15px;}.elementor-13726 .elementor-element.elementor-element-01bd6ab .elementor-heading-title{font-size:22px;line-height:25px;}.elementor-13726 .elementor-element.elementor-element-01bd6ab > .elementor-widget-container{padding:0px 0px 0px 0px;}.elementor-13726 .elementor-element.elementor-element-ef77432 .elementor-icon-list-item{font-size:16px;line-height:18px;}.elementor-13726 .elementor-element.elementor-element-ef77432 > .elementor-widget-container{padding:10px 0px 0px 0px;}}<\/style>\t\t<div data-elementor-type=\"loop-item\" data-elementor-id=\"13726\" class=\"elementor elementor-13726 e-loop-item e-loop-item-15523 post-15523 post type-post status-publish format-standard hentry category-proracun\" data-elementor-post-type=\"elementor_library\" data-custom-edit-handle=\"1\">\n\t\t\t<a class=\"elementor-element elementor-element-4ae61f9 poslovanje-container e-flex e-con-boxed e-con e-parent\" data-id=\"4ae61f9\" data-element_type=\"container\" data-e-type=\"container\" data-settings=\"{&quot;background_background&quot;:&quot;classic&quot;}\" href=\"https:\/\/dev.marina.hr\/wp58\/prijedlog-proracuna-za-2026-godinu-s-projekcijama-za-2027-i-2028-godinu\/\">\n\t\t\t\t\t<div class=\"e-con-inner\">\n\t\t\t\t<div class=\"elementor-element elementor-element-01bd6ab poslovanje-naslov elementor-widget elementor-widget-theme-post-title elementor-page-title elementor-widget-heading\" data-id=\"01bd6ab\" data-element_type=\"widget\" data-e-type=\"widget\" data-widget_type=\"theme-post-title.default\">\n\t\t\t\t<div class=\"elementor-widget-container\">\n\t\t\t\t\t<h2 class=\"elementor-heading-title elementor-size-default\">Prijedlog prora\u010duna za 2026. godinu s projekcijama za 2027. i 2028. godinu<\/h2>\t\t\t\t<\/div>\n\t\t\t\t<\/div>\n\t\t\t\t<div class=\"elementor-element elementor-element-ef77432 elementor-widget elementor-widget-post-info\" data-id=\"ef77432\" data-element_type=\"widget\" data-e-type=\"widget\" data-widget_type=\"post-info.default\">\n\t\t\t\t<div class=\"elementor-widget-container\">\n\t\t\t\t\t\t\t<ul class=\"elementor-inline-items elementor-icon-list-items elementor-post-info\">\n\t\t\t\t\t\t\t\t<li class=\"elementor-icon-list-item elementor-repeater-item-fe793aa elementor-inline-item\" itemprop=\"datePublished\">\n\t\t\t\t\t\t\t\t\t\t\t\t\t<span class=\"elementor-icon-list-text elementor-post-info__item elementor-post-info__item--type-date\">\n\t\t\t\t\t\t\t\t\t\t<time>Sri, 24.12.2025<\/time>\t\t\t\t\t<\/span>\n\t\t\t\t\t\t\t\t<\/li>\n\t\t\t\t<li class=\"elementor-icon-list-item elementor-repeater-item-80e56ef elementor-inline-item\">\n\t\t\t\t\t\t\t\t\t\t\t\t\t<span class=\"elementor-icon-list-text elementor-post-info__item elementor-post-info__item--type-time\">\n\t\t\t\t\t\t\t\t\t\t<time>07:53<\/time>\t\t\t\t\t<\/span>\n\t\t\t\t\t\t\t\t<\/li>\n\t\t\t\t<\/ul>\n\t\t\t\t\t\t<\/div>\n\t\t\t\t<\/div>\n\t\t\t\t\t<\/div>\n\t\t\t\t<\/a>\n\t\t\t\t<\/div>\n\t\t\t\t<div data-elementor-type=\"loop-item\" data-elementor-id=\"13726\" class=\"elementor elementor-13726 e-loop-item e-loop-item-15509 post-15509 post type-post status-publish format-standard hentry category-proracun\" data-elementor-post-type=\"elementor_library\" data-custom-edit-handle=\"1\">\n\t\t\t<a class=\"elementor-element elementor-element-4ae61f9 poslovanje-container e-flex e-con-boxed e-con e-parent\" data-id=\"4ae61f9\" data-element_type=\"container\" data-e-type=\"container\" data-settings=\"{&quot;background_background&quot;:&quot;classic&quot;}\" href=\"https:\/\/dev.marina.hr\/wp58\/odluka-o-preraspodjeli-proracuna-opcine-marina-za-2025-godinu\/\">\n\t\t\t\t\t<div class=\"e-con-inner\">\n\t\t\t\t<div class=\"elementor-element elementor-element-01bd6ab poslovanje-naslov elementor-widget elementor-widget-theme-post-title elementor-page-title elementor-widget-heading\" data-id=\"01bd6ab\" data-element_type=\"widget\" data-e-type=\"widget\" data-widget_type=\"theme-post-title.default\">\n\t\t\t\t<div class=\"elementor-widget-container\">\n\t\t\t\t\t<h2 class=\"elementor-heading-title elementor-size-default\">Odluka o preraspodjeli prora\u010duna Op\u0107ine Marina za 2025. godinu<\/h2>\t\t\t\t<\/div>\n\t\t\t\t<\/div>\n\t\t\t\t<div class=\"elementor-element elementor-element-ef77432 elementor-widget elementor-widget-post-info\" data-id=\"ef77432\" data-element_type=\"widget\" data-e-type=\"widget\" data-widget_type=\"post-info.default\">\n\t\t\t\t<div class=\"elementor-widget-container\">\n\t\t\t\t\t\t\t<ul class=\"elementor-inline-items elementor-icon-list-items elementor-post-info\">\n\t\t\t\t\t\t\t\t<li class=\"elementor-icon-list-item elementor-repeater-item-fe793aa elementor-inline-item\" itemprop=\"datePublished\">\n\t\t\t\t\t\t\t\t\t\t\t\t\t<span class=\"elementor-icon-list-text elementor-post-info__item elementor-post-info__item--type-date\">\n\t\t\t\t\t\t\t\t\t\t<time>Uto, 23.12.2025<\/time>\t\t\t\t\t<\/span>\n\t\t\t\t\t\t\t\t<\/li>\n\t\t\t\t<li class=\"elementor-icon-list-item elementor-repeater-item-80e56ef elementor-inline-item\">\n\t\t\t\t\t\t\t\t\t\t\t\t\t<span class=\"elementor-icon-list-text elementor-post-info__item elementor-post-info__item--type-time\">\n\t\t\t\t\t\t\t\t\t\t<time>09:59<\/time>\t\t\t\t\t<\/span>\n\t\t\t\t\t\t\t\t<\/li>\n\t\t\t\t<\/ul>\n\t\t\t\t\t\t<\/div>\n\t\t\t\t<\/div>\n\t\t\t\t\t<\/div>\n\t\t\t\t<\/a>\n\t\t\t\t<\/div>\n\t\t\t\t<div data-elementor-type=\"loop-item\" data-elementor-id=\"13726\" class=\"elementor elementor-13726 e-loop-item e-loop-item-12716 post-12716 post type-post status-publish format-standard hentry category-proracun\" data-elementor-post-type=\"elementor_library\" data-custom-edit-handle=\"1\">\n\t\t\t<a class=\"elementor-element elementor-element-4ae61f9 poslovanje-container e-flex e-con-boxed e-con e-parent\" data-id=\"4ae61f9\" data-element_type=\"container\" data-e-type=\"container\" data-settings=\"{&quot;background_background&quot;:&quot;classic&quot;}\" href=\"https:\/\/dev.marina.hr\/wp58\/upute-za-izradu-prijedloga-proracuna-i-financijskog-plana-proracunskih-korisnika-opcine-marina-za-razdoblje-2026-2028\/\">\n\t\t\t\t\t<div class=\"e-con-inner\">\n\t\t\t\t<div class=\"elementor-element elementor-element-01bd6ab poslovanje-naslov elementor-widget elementor-widget-theme-post-title elementor-page-title elementor-widget-heading\" data-id=\"01bd6ab\" data-element_type=\"widget\" data-e-type=\"widget\" data-widget_type=\"theme-post-title.default\">\n\t\t\t\t<div class=\"elementor-widget-container\">\n\t\t\t\t\t<h2 class=\"elementor-heading-title elementor-size-default\">UPUTE ZA IZRADU PRIJEDLOGA PRORA\u010cUNA I FINANCIJSKOG PLANA PRORA\u010cUNSKIH KORISNIKA OP\u0106INE MARINA ZA RAZDOBLJE 2026.-2028.<\/h2>\t\t\t\t<\/div>\n\t\t\t\t<\/div>\n\t\t\t\t<div class=\"elementor-element elementor-element-ef77432 elementor-widget elementor-widget-post-info\" data-id=\"ef77432\" data-element_type=\"widget\" data-e-type=\"widget\" data-widget_type=\"post-info.default\">\n\t\t\t\t<div class=\"elementor-widget-container\">\n\t\t\t\t\t\t\t<ul class=\"elementor-inline-items elementor-icon-list-items elementor-post-info\">\n\t\t\t\t\t\t\t\t<li class=\"elementor-icon-list-item elementor-repeater-item-fe793aa elementor-inline-item\" itemprop=\"datePublished\">\n\t\t\t\t\t\t\t\t\t\t\t\t\t<span class=\"elementor-icon-list-text elementor-post-info__item elementor-post-info__item--type-date\">\n\t\t\t\t\t\t\t\t\t\t<time>\u010cet, 09.10.2025<\/time>\t\t\t\t\t<\/span>\n\t\t\t\t\t\t\t\t<\/li>\n\t\t\t\t<li class=\"elementor-icon-list-item elementor-repeater-item-80e56ef elementor-inline-item\">\n\t\t\t\t\t\t\t\t\t\t\t\t\t<span class=\"elementor-icon-list-text elementor-post-info__item elementor-post-info__item--type-time\">\n\t\t\t\t\t\t\t\t\t\t<time>14:53<\/time>\t\t\t\t\t<\/span>\n\t\t\t\t\t\t\t\t<\/li>\n\t\t\t\t<\/ul>\n\t\t\t\t\t\t<\/div>\n\t\t\t\t<\/div>\n\t\t\t\t\t<\/div>\n\t\t\t\t<\/a>\n\t\t\t\t<\/div>\n\t\t\t\t<\/div>\n\t\t\t\t\t<span class=\"e-load-more-spinner\">\n\t\t\t\t<i aria-hidden=\"true\" class=\"fas fa-spinner\"><\/i>\t\t\t<\/span>\n\t\t\n\t\t\t\t<div class=\"e-load-more-anchor\" data-page=\"1\" data-max-page=\"21\" data-next-page=\"https:\/\/dev.marina.hr\/wp58\/wp-json\/wp\/v2\/pages\/9328\/page\/2\/\"><\/div>\n\t\t\t\t<div class=\"e-loop__load-more elementor-button-wrapper\">\n\t\t\t<a class=\"elementor-button elementor-size-sm\" role=\"button\" id=\"load-more-button\">\n\t\t\t\t\t\t<span class=\"elementor-button-content-wrapper\">\n\t\t\t\t\t\t\t\t\t<span class=\"elementor-button-text\">U\u010ditaj jo\u0161<\/span>\n\t\t\t\t\t<\/span>\n\t\t\t\t\t<\/a>\n\t\t<\/div>\n\t\t\t\t<div class=\"e-load-more-message\"><\/div>\n\t\t\t\t\t\t<\/div>\n\t\t\t\t<\/div>\n\t\t\t\t<\/div>\n\t\t\t\t\t<\/div>\n\t\t\t\t<\/div>\n\t\t\t\t<\/div>\n\t\t\t\t<\/div>\n\t\t","protected":false},"excerpt":{"rendered":"<p>Op\u0107inski prora\u010dun Op\u0107inski prora\u010dun Op\u0107ine Marina Prora\u010dun Op\u0107ine Marina je financijski dokument u kojem su iskazani planirani godi\u0161nji prihodi i rashodi. Prora\u010dun odobrava Op\u0107insko vije\u0107e i odnosi se na fiskalnu godinu u kojoj je donesen. obavijesti<\/p>\n","protected":false},"author":5,"featured_media":0,"parent":0,"menu_order":0,"comment_status":"closed","ping_status":"closed","template":"","meta":{"footnotes":""},"class_list":["post-9328","page","type-page","status-publish","hentry"],"_links":{"self":[{"href":"https:\/\/dev.marina.hr\/wp58\/wp-json\/wp\/v2\/pages\/9328","targetHints":{"allow":["GET"]}}],"collection":[{"href":"https:\/\/dev.marina.hr\/wp58\/wp-json\/wp\/v2\/pages"}],"about":[{"href":"https:\/\/dev.marina.hr\/wp58\/wp-json\/wp\/v2\/types\/page"}],"author":[{"embeddable":true,"href":"https:\/\/dev.marina.hr\/wp58\/wp-json\/wp\/v2\/users\/5"}],"replies":[{"embeddable":true,"href":"https:\/\/dev.marina.hr\/wp58\/wp-json\/wp\/v2\/comments?post=9328"}],"version-history":[{"count":24,"href":"https:\/\/dev.marina.hr\/wp58\/wp-json\/wp\/v2\/pages\/9328\/revisions"}],"predecessor-version":[{"id":15358,"href":"https:\/\/dev.marina.hr\/wp58\/wp-json\/wp\/v2\/pages\/9328\/revisions\/15358"}],"wp:attachment":[{"href":"https:\/\/dev.marina.hr\/wp58\/wp-json\/wp\/v2\/media?parent=9328"}],"curies":[{"name":"wp","href":"https:\/\/api.w.org\/{rel}","templated":true}]}}