{"id":97,"date":"2012-10-04T19:43:08","date_gmt":"2012-10-04T19:43:08","guid":{"rendered":"https:\/\/dev.marina.hr\/wp58\/?page_id=97"},"modified":"2026-03-06T13:12:34","modified_gmt":"2026-03-06T12:12:34","slug":"opcinska-uprava","status":"publish","type":"page","link":"https:\/\/dev.marina.hr\/wp58\/opcinska-uprava\/","title":{"rendered":"Op\u0107inska uprava"},"content":{"rendered":"\t\t<div data-elementor-type=\"wp-page\" data-elementor-id=\"97\" class=\"elementor elementor-97\" data-elementor-post-type=\"page\">\n\t\t\t\t<div class=\"elementor-element elementor-element-a82300c e-flex e-con-boxed e-con e-parent\" data-id=\"a82300c\" data-element_type=\"container\" data-e-type=\"container\" data-settings=\"{&quot;background_background&quot;:&quot;classic&quot;}\">\n\t\t\t\t\t<div class=\"e-con-inner\">\n\t\t\t\t<div class=\"elementor-element elementor-element-c6cae18 elementor-widget__width-initial elementor-widget elementor-widget-heading\" data-id=\"c6cae18\" data-element_type=\"widget\" data-e-type=\"widget\" data-widget_type=\"heading.default\">\n\t\t\t\t<div class=\"elementor-widget-container\">\n\t\t\t\t\t<h2 class=\"elementor-heading-title elementor-size-default\">Op\u0107inska uprava<\/h2>\t\t\t\t<\/div>\n\t\t\t\t<\/div>\n\t\t\t\t\t<\/div>\n\t\t\t\t<\/div>\n\t\t<div class=\"elementor-element elementor-element-c573f9c e-flex e-con-boxed e-con e-parent\" data-id=\"c573f9c\" data-element_type=\"container\" data-e-type=\"container\">\n\t\t\t\t\t<div class=\"e-con-inner\">\n\t\t\t\t<div class=\"elementor-element elementor-element-721c555 elementor-widget elementor-widget-html\" data-id=\"721c555\" data-element_type=\"widget\" data-e-type=\"widget\" data-widget_type=\"html.default\">\n\t\t\t\t<div class=\"elementor-widget-container\">\n\t\t\t\t\t<nav aria-label=\"breadcrumbs\" class=\"rank-math-breadcrumb\"><p><span class=\"label\">Vi ste ovdje \u2192<\/span> <span class=\"last\">Po\u010detna<\/span><\/p><\/nav>\t\t\t\t<\/div>\n\t\t\t\t<\/div>\n\t\t\t\t<div class=\"elementor-element elementor-element-e14b057 inner-page-text elementor-widget elementor-widget-text-editor\" data-id=\"e14b057\" data-element_type=\"widget\" data-e-type=\"widget\" data-widget_type=\"text-editor.default\">\n\t\t\t\t<div class=\"elementor-widget-container\">\n\t\t\t\t\t\t\t\t\t<p><em><strong>OP\u0106INSKI NA\u010cELNIK:<\/strong><\/em> Ante Mamut<\/p><p><em><strong>PREDSJEDNICA OP\u0106INSKOG VIJE\u0106A<\/strong><\/em>: Mirjam Radi\u0107<\/p><p><em><strong>JEDINSTVENI UPRAVNI ODJEL<\/strong><\/em><\/p><ul><li>Roko Matija\u0161, ing.gra\u0111. &#8211; pro\u010delnik<\/li><li>Ivana Rin\u010di\u0107, stru\u010d.spec.admin.publ. &#8211; vi\u0161i savjetnik za op\u0107e i pravne poslove<\/li><li>Katarina Kazoti Jerkovi\u0107 &#8211; administrativni referent za dru\u0161tvene djelatnosti<\/li><li>Jelena Brajnov &#8211; Administrativni referent<\/li><li>Mladen Ba\u0161i\u0107 &#8211; Vi\u0161i stru\u010dni suradnik<\/li><li>An\u0111elko Pa\u017eanin &#8211; Referent za komunalu<\/li><li>Andrea Emer Mi\u0161e &#8211; referent &#8211; komunalno-pomorski redar<\/li><li>Tea Palada, bacc.oec. &#8211; stru\u010dni suradnik &#8211; glavni komunalni redar<\/li><li>Sa\u0161a Cvitanovi\u0107 &#8211; Prometni redar<\/li><li>Jelena Dujmov &#8211; Stru\u010dni suradnik za prora\u010dun i financije<\/li><li>Divna Mamut &#8211; Referent za ra\u010dunovodstvo<\/li><li>Marija \u0160alinovi\u0107 &#8211; Vi\u0161i stru\u010dni suradnik za ra\u010dunovodstvo<\/li><li>Nikolina Teskera &#8211; Vi\u0161i stru\u010dni suradnik za prora\u010dun i financije<\/li><\/ul>\t\t\t\t\t\t\t\t<\/div>\n\t\t\t\t<\/div>\n\t\t\t\t\t<\/div>\n\t\t\t\t<\/div>\n\t\t\t\t<\/div>\n\t\t","protected":false},"excerpt":{"rendered":"<p>Op\u0107inska uprava OP\u0106INSKI NA\u010cELNIK: Ante Mamut PREDSJEDNICA OP\u0106INSKOG VIJE\u0106A: Mirjam Radi\u0107 JEDINSTVENI UPRAVNI ODJEL Roko Matija\u0161, ing.gra\u0111. &#8211; pro\u010delnik Ivana Rin\u010di\u0107, stru\u010d.spec.admin.publ. &#8211; vi\u0161i savjetnik za op\u0107e i pravne poslove Katarina Kazoti Jerkovi\u0107 &#8211; administrativni referent za dru\u0161tvene djelatnosti Jelena Brajnov &#8211; Administrativni referent Mladen Ba\u0161i\u0107 &#8211; Vi\u0161i stru\u010dni suradnik An\u0111elko Pa\u017eanin &#8211; Referent za [&hellip;]<\/p>\n","protected":false},"author":5,"featured_media":0,"parent":0,"menu_order":0,"comment_status":"closed","ping_status":"open","template":"","meta":{"footnotes":""},"class_list":["post-97","page","type-page","status-publish","hentry"],"_links":{"self":[{"href":"https:\/\/dev.marina.hr\/wp58\/wp-json\/wp\/v2\/pages\/97","targetHints":{"allow":["GET"]}}],"collection":[{"href":"https:\/\/dev.marina.hr\/wp58\/wp-json\/wp\/v2\/pages"}],"about":[{"href":"https:\/\/dev.marina.hr\/wp58\/wp-json\/wp\/v2\/types\/page"}],"author":[{"embeddable":true,"href":"https:\/\/dev.marina.hr\/wp58\/wp-json\/wp\/v2\/users\/5"}],"replies":[{"embeddable":true,"href":"https:\/\/dev.marina.hr\/wp58\/wp-json\/wp\/v2\/comments?post=97"}],"version-history":[{"count":29,"href":"https:\/\/dev.marina.hr\/wp58\/wp-json\/wp\/v2\/pages\/97\/revisions"}],"predecessor-version":[{"id":15492,"href":"https:\/\/dev.marina.hr\/wp58\/wp-json\/wp\/v2\/pages\/97\/revisions\/15492"}],"wp:attachment":[{"href":"https:\/\/dev.marina.hr\/wp58\/wp-json\/wp\/v2\/media?parent=97"}],"curies":[{"name":"wp","href":"https:\/\/api.w.org\/{rel}","templated":true}]}}